{"id":3089,"date":"2020-10-02T15:41:14","date_gmt":"2020-10-02T13:41:14","guid":{"rendered":"https:\/\/www.bgolegal.com\/juridic\/"},"modified":"2025-10-09T08:52:06","modified_gmt":"2025-10-09T06:52:06","slug":"juridic","status":"publish","type":"page","link":"https:\/\/www.bgolegal.com\/ca\/juridic\/","title":{"rendered":"Jur\u00eddic"},"content":{"rendered":"\t\t<div data-elementor-type=\"wp-page\" data-elementor-id=\"3089\" class=\"elementor elementor-3089 elementor-198\" data-elementor-post-type=\"page\">\n\t\t\t\t<div class=\"elementor-element elementor-element-52865a7 e-flex e-con-boxed wpr-particle-no wpr-jarallax-no wpr-parallax-no wpr-sticky-section-no e-con e-parent\" data-id=\"52865a7\" data-element_type=\"container\">\n\t\t\t\t\t<div class=\"e-con-inner\">\n\t\t<div class=\"elementor-element elementor-element-3dfdbbf e-con-full e-flex wpr-particle-no wpr-jarallax-no wpr-parallax-no wpr-sticky-section-no e-con e-child\" data-id=\"3dfdbbf\" data-element_type=\"container\">\n\t\t\t\t<div class=\"elementor-element elementor-element-490e664 elementor-widget elementor-widget-text-editor\" data-id=\"490e664\" data-element_type=\"widget\" data-widget_type=\"text-editor.default\">\n\t\t\t\t<div class=\"elementor-widget-container\">\n\t\t\t\t\t\t\t\t\t<p><strong>BGO<\/strong>, mitjan\u00e7ant els seus advocats especialitzats, pot revisar tots els seus processos i documents per tal de garantir una correcta aplicaci\u00f3 de les normes legals a la seva estructura i redacci\u00f3.<\/p>\n<p><strong>BGO<\/strong> posar\u00e0 a disposici\u00f3 de l&#8217;empresa l&#8217;advocat especialista en la mat\u00e8ria en qu\u00e8 l&#8217;empresa necessiti la seva intervenci\u00f3, laboral, mercantil, civil, penal, etc.<\/p>\n\t\t\t\t\t\t\t\t<\/div>\n\t\t\t\t<\/div>\n\t\t\t\t<\/div>\n\t\t<div class=\"elementor-element elementor-element-a6a7367 e-con-full e-flex wpr-particle-no wpr-jarallax-no wpr-parallax-no wpr-sticky-section-no e-con e-child\" data-id=\"a6a7367\" data-element_type=\"container\">\n\t\t\t\t<\/div>\n\t\t\t\t\t<\/div>\n\t\t\t\t<\/div>\n\t\t<div class=\"elementor-element elementor-element-33aff7e e-flex e-con-boxed wpr-particle-no wpr-jarallax-no wpr-parallax-no wpr-sticky-section-no e-con e-parent\" data-id=\"33aff7e\" data-element_type=\"container\">\n\t\t\t\t\t<div class=\"e-con-inner\">\n\t\t<div class=\"elementor-element elementor-element-47617b5 e-con-full e-flex wpr-particle-no wpr-jarallax-no wpr-parallax-no wpr-sticky-section-no e-con e-child\" data-id=\"47617b5\" data-element_type=\"container\">\n\t\t\t\t<div class=\"elementor-element elementor-element-b7ce9f8 elementor-widget elementor-widget-heading\" data-id=\"b7ce9f8\" data-element_type=\"widget\" data-widget_type=\"heading.default\">\n\t\t\t\t<div class=\"elementor-widget-container\">\n\t\t\t\t\t<h3 class=\"elementor-heading-title elementor-size-default\">Teniu dubtes sobre quin tipus de societat us conv\u00e9 per a la vostra empresa?<\/h3>\t\t\t\t<\/div>\n\t\t\t\t<\/div>\n\t\t\t\t<div class=\"elementor-element elementor-element-28adcfb elementor-widget elementor-widget-text-editor\" data-id=\"28adcfb\" data-element_type=\"widget\" data-widget_type=\"text-editor.default\">\n\t\t\t\t<div class=\"elementor-widget-container\">\n\t\t\t\t\t\t\t\t\t<p>\u00c9s important comptar amb un assessorament legal de qualitat previ a la presa de decisions a l&#8217;\u00e0mbit de l&#8217;empresa. A BGO t&#8217;ajudarem en el proc\u00e9s de creaci\u00f3 de donar forma jur\u00eddica a la teva empresa, analitzarem la situaci\u00f3 inicial, el tipus de servei o producte, els socis, els capitals a desemborsar i t&#8217;aconsellarem quin tipus de societat \u00e9s m\u00e9s convenient, quin hauria de ser el capital social inicial, la manera d&#8217;administrar la societat. administrador \u00fanic?, administradors solidaris o mancomunats? Consell d&#8217;administraci\u00f3? retribuci\u00f3 dels c\u00e0rrecs?<\/p>\n<p>Redactarem els estatuts de societat que s&#8217;adaptin a les vostres necessitats.<\/p>\n\t\t\t\t\t\t\t\t<\/div>\n\t\t\t\t<\/div>\n\t\t\t\t<\/div>\n\t\t<div class=\"elementor-element elementor-element-3b2bbf4 e-con-full e-flex wpr-particle-no wpr-jarallax-no wpr-parallax-no wpr-sticky-section-no e-con e-child\" data-id=\"3b2bbf4\" data-element_type=\"container\">\n\t\t\t\t<div class=\"elementor-element elementor-element-3fc1305 elementor-widget elementor-widget-heading\" data-id=\"3fc1305\" data-element_type=\"widget\" data-widget_type=\"heading.default\">\n\t\t\t\t<div class=\"elementor-widget-container\">\n\t\t\t\t\t<h3 class=\"elementor-heading-title elementor-size-default\">T\u00e9 regulades totes les relacions amb els socis?<\/h3>\t\t\t\t<\/div>\n\t\t\t\t<\/div>\n\t\t\t\t<div class=\"elementor-element elementor-element-357d986 elementor-widget elementor-widget-text-editor\" data-id=\"357d986\" data-element_type=\"widget\" data-widget_type=\"text-editor.default\">\n\t\t\t\t<div class=\"elementor-widget-container\">\n\t\t\t\t\t\t\t\t\t<p>Al m\u00f3n de l&#8217;empresa es produeixen conflictes que necessiten una soluci\u00f3 pactada per endavant pels socis, per\u00f2 no volem que aquests pactes siguin p\u00fablics per la qual cosa es fa necess\u00e0ria la figura d&#8217;un expert que ens ajudi a redactar uns protocols de funcionament i de presa de decisions que vagin m\u00e9s enll\u00e0 de l&#8217;estrictament regulat als estatuts de la societat.<\/p>\n\t\t\t\t\t\t\t\t<\/div>\n\t\t\t\t<\/div>\n\t\t\t\t<\/div>\n\t\t<div class=\"elementor-element elementor-element-1fc2982 e-con-full e-flex wpr-particle-no wpr-jarallax-no wpr-parallax-no wpr-sticky-section-no e-con e-child\" data-id=\"1fc2982\" data-element_type=\"container\">\n\t\t\t\t<div class=\"elementor-element elementor-element-3020223 elementor-widget elementor-widget-heading\" data-id=\"3020223\" data-element_type=\"widget\" data-widget_type=\"heading.default\">\n\t\t\t\t<div class=\"elementor-widget-container\">\n\t\t\t\t\t<h3 class=\"elementor-heading-title elementor-size-default\">Les relacions familiars afecten l'empresa?<\/h3>\t\t\t\t<\/div>\n\t\t\t\t<\/div>\n\t\t\t\t<div class=\"elementor-element elementor-element-9d01136 elementor-widget elementor-widget-text-editor\" data-id=\"9d01136\" data-element_type=\"widget\" data-widget_type=\"text-editor.default\">\n\t\t\t\t<div class=\"elementor-widget-container\">\n\t\t\t\t\t\t\t\t\t<p>A l&#8217;empresa moltes vegades es produeixen situacions que generen conflictes interpersonals i afecten les relacions familiars quan diferents membres de la fam\u00edlia treballen per a l&#8217;empresa. En aquest moment es fa necess\u00e0ria l\u201fexist\u00e8ncia d\u201funa figura externa que actu\u00ef de forma professional sense veure&#8217;s afectat pels lla\u00e7os familiars i que pugui aconsellar com actuar en benefici de l\u201fempresa. El que \u00e9s bo per a la teva empresa, ser\u00e0 bo per a tu i el teu entorn.<\/p>\n\t\t\t\t\t\t\t\t<\/div>\n\t\t\t\t<\/div>\n\t\t\t\t<\/div>\n\t\t<div class=\"elementor-element elementor-element-054cc20 e-con-full e-flex wpr-particle-no wpr-jarallax-no wpr-parallax-no wpr-sticky-section-no e-con e-child\" data-id=\"054cc20\" data-element_type=\"container\">\n\t\t\t\t<div class=\"elementor-element elementor-element-0221c9a elementor-widget elementor-widget-heading\" data-id=\"0221c9a\" data-element_type=\"widget\" data-widget_type=\"heading.default\">\n\t\t\t\t<div class=\"elementor-widget-container\">\n\t\t\t\t\t<h3 class=\"elementor-heading-title elementor-size-default\">T\u00e9 prevista la successi\u00f3 a l'empresa?<\/h3>\t\t\t\t<\/div>\n\t\t\t\t<\/div>\n\t\t\t\t<div class=\"elementor-element elementor-element-040f3e0 elementor-widget elementor-widget-text-editor\" data-id=\"040f3e0\" data-element_type=\"widget\" data-widget_type=\"text-editor.default\">\n\t\t\t\t<div class=\"elementor-widget-container\">\n\t\t\t\t\t\t\t\t\t<p>Una de les causes principals que afecten les relacions familiars a l&#8217;\u00e0mbit de l&#8217;empresa familiar, es produeix en el moment en qu\u00e8 es preveu en un futur proper la successi\u00f3 a l&#8217;empresa.<\/p>\n<p>Quin \u00e9s el moment adequat per fer-me de banda? En quin moment? De quina manera? El successor est\u00e0 preparat?<\/p>\n<p>Per tenir resposta a aquestes q\u00fcestions, cal l&#8217;aparici\u00f3 del professional expert i imparcial que aconselli la manera d&#8217;enfrontar-se als dubtes que es crearan i arribar a les respostes adequades. Respostes que s&#8217;han de plasmar en un protocol familiar que regular\u00e0 el futur funcionament de l&#8217;empresa i la integraci\u00f3 de futurs membres de la fam\u00edlia.<\/p>\n\t\t\t\t\t\t\t\t<\/div>\n\t\t\t\t<\/div>\n\t\t\t\t<\/div>\n\t\t<div class=\"elementor-element elementor-element-1879243 e-con-full e-flex wpr-particle-no wpr-jarallax-no wpr-parallax-no wpr-sticky-section-no e-con e-child\" data-id=\"1879243\" data-element_type=\"container\">\n\t\t\t\t<div class=\"elementor-element elementor-element-8dd2da6 elementor-widget elementor-widget-heading\" data-id=\"8dd2da6\" data-element_type=\"widget\" data-widget_type=\"heading.default\">\n\t\t\t\t<div class=\"elementor-widget-container\">\n\t\t\t\t\t<h3 class=\"elementor-heading-title elementor-size-default\">Es troba davant d'una situaci\u00f3 econ\u00f2mica dif\u00edcil?<\/h3>\t\t\t\t<\/div>\n\t\t\t\t<\/div>\n\t\t\t\t<div class=\"elementor-element elementor-element-d0f4288 elementor-widget elementor-widget-text-editor\" data-id=\"d0f4288\" data-element_type=\"widget\" data-widget_type=\"text-editor.default\">\n\t\t\t\t<div class=\"elementor-widget-container\">\n\t\t\t\t\t\t\t\t\t<p>Malauradament, l&#8217;empresa es troba, de vegades, en situacions econ\u00f2miques problem\u00e0tiques que impliquen que l&#8217;empresari es faci una s\u00e8rie de preguntes que requereixen solucions professionals.<\/p>\n<p>He de plantejar un concurs de creditors? Com, quan? Puc evitar-ho? He d&#8217;acomiadar treballadors o puc evitar-ho? He d&#8217;aplicar un expedient de regulaci\u00f3 d&#8217;ocupaci\u00f3? Temporal? Amb reducci\u00f3 de plantilla? Reducci\u00f3 o suspensi\u00f3 de jornada?<\/p>\n<p>Tots aquests interrogants nom\u00e9s poden ser contestats per professionals experts en temes laborals i mercantils. Una decisi\u00f3 err\u00f2nia pot reportar m\u00e9s perjudicis que beneficis.<\/p>\n\t\t\t\t\t\t\t\t<\/div>\n\t\t\t\t<\/div>\n\t\t\t\t<\/div>\n\t\t\t\t\t<\/div>\n\t\t\t\t<\/div>\n\t\t\t\t<\/div>\n\t\t","protected":false},"excerpt":{"rendered":"<p>A BGO som advocats<\/p>\n","protected":false},"author":1,"featured_media":0,"parent":0,"menu_order":0,"comment_status":"closed","ping_status":"closed","template":"","meta":{"_acf_changed":false,"footnotes":""},"class_list":["post-3089","page","type-page","status-publish","hentry"],"acf":[],"yoast_head":"<!-- This site is optimized with the Yoast SEO plugin v26.2 - https:\/\/yoast.com\/wordpress\/plugins\/seo\/ -->\n<title>Jur\u00eddic - BGO Legal<\/title>\n<meta name=\"robots\" content=\"index, follow, max-snippet:-1, max-image-preview:large, max-video-preview:-1\" \/>\n<link rel=\"canonical\" href=\"https:\/\/www.bgolegal.com\/ca\/juridic\/\" \/>\n<meta property=\"og:locale\" content=\"ca_ES\" \/>\n<meta property=\"og:type\" content=\"article\" \/>\n<meta property=\"og:title\" content=\"Jur\u00eddic - BGO Legal\" \/>\n<meta property=\"og:description\" content=\"A BGO som advocats\" \/>\n<meta property=\"og:url\" content=\"https:\/\/www.bgolegal.com\/ca\/juridic\/\" \/>\n<meta property=\"og:site_name\" content=\"BGO Legal\" \/>\n<meta property=\"article:modified_time\" content=\"2025-10-09T06:52:06+00:00\" \/>\n<meta name=\"twitter:card\" content=\"summary_large_image\" \/>\n<meta name=\"twitter:label1\" content=\"Temps estimat de lectura\" \/>\n\t<meta name=\"twitter:data1\" content=\"3 minuts\" \/>\n<script type=\"application\/ld+json\" class=\"yoast-schema-graph\">{\"@context\":\"https:\/\/schema.org\",\"@graph\":[{\"@type\":\"WebPage\",\"@id\":\"https:\/\/www.bgolegal.com\/ca\/juridic\/\",\"url\":\"https:\/\/www.bgolegal.com\/ca\/juridic\/\",\"name\":\"Jur\u00eddic - BGO Legal\",\"isPartOf\":{\"@id\":\"https:\/\/www.bgolegal.com\/ca\/#website\"},\"datePublished\":\"2020-10-02T13:41:14+00:00\",\"dateModified\":\"2025-10-09T06:52:06+00:00\",\"breadcrumb\":{\"@id\":\"https:\/\/www.bgolegal.com\/ca\/juridic\/#breadcrumb\"},\"inLanguage\":\"ca\",\"potentialAction\":[{\"@type\":\"ReadAction\",\"target\":[\"https:\/\/www.bgolegal.com\/ca\/juridic\/\"]}]},{\"@type\":\"BreadcrumbList\",\"@id\":\"https:\/\/www.bgolegal.com\/ca\/juridic\/#breadcrumb\",\"itemListElement\":[{\"@type\":\"ListItem\",\"position\":1,\"name\":\"Portada\",\"item\":\"https:\/\/www.bgolegal.com\/ca\/inici\/\"},{\"@type\":\"ListItem\",\"position\":2,\"name\":\"Jur\u00eddic\"}]},{\"@type\":\"WebSite\",\"@id\":\"https:\/\/www.bgolegal.com\/ca\/#website\",\"url\":\"https:\/\/www.bgolegal.com\/ca\/\",\"name\":\"BGO Legal\",\"description\":\"Consultor\u00eda y asesor\u00eda empresarial\",\"potentialAction\":[{\"@type\":\"SearchAction\",\"target\":{\"@type\":\"EntryPoint\",\"urlTemplate\":\"https:\/\/www.bgolegal.com\/ca\/?s={search_term_string}\"},\"query-input\":{\"@type\":\"PropertyValueSpecification\",\"valueRequired\":true,\"valueName\":\"search_term_string\"}}],\"inLanguage\":\"ca\"}]}<\/script>\n<!-- \/ Yoast SEO plugin. -->","yoast_head_json":{"title":"Jur\u00eddic - BGO Legal","robots":{"index":"index","follow":"follow","max-snippet":"max-snippet:-1","max-image-preview":"max-image-preview:large","max-video-preview":"max-video-preview:-1"},"canonical":"https:\/\/www.bgolegal.com\/ca\/juridic\/","og_locale":"ca_ES","og_type":"article","og_title":"Jur\u00eddic - BGO Legal","og_description":"A BGO som advocats","og_url":"https:\/\/www.bgolegal.com\/ca\/juridic\/","og_site_name":"BGO Legal","article_modified_time":"2025-10-09T06:52:06+00:00","twitter_card":"summary_large_image","twitter_misc":{"Temps estimat de lectura":"3 minuts"},"schema":{"@context":"https:\/\/schema.org","@graph":[{"@type":"WebPage","@id":"https:\/\/www.bgolegal.com\/ca\/juridic\/","url":"https:\/\/www.bgolegal.com\/ca\/juridic\/","name":"Jur\u00eddic - BGO Legal","isPartOf":{"@id":"https:\/\/www.bgolegal.com\/ca\/#website"},"datePublished":"2020-10-02T13:41:14+00:00","dateModified":"2025-10-09T06:52:06+00:00","breadcrumb":{"@id":"https:\/\/www.bgolegal.com\/ca\/juridic\/#breadcrumb"},"inLanguage":"ca","potentialAction":[{"@type":"ReadAction","target":["https:\/\/www.bgolegal.com\/ca\/juridic\/"]}]},{"@type":"BreadcrumbList","@id":"https:\/\/www.bgolegal.com\/ca\/juridic\/#breadcrumb","itemListElement":[{"@type":"ListItem","position":1,"name":"Portada","item":"https:\/\/www.bgolegal.com\/ca\/inici\/"},{"@type":"ListItem","position":2,"name":"Jur\u00eddic"}]},{"@type":"WebSite","@id":"https:\/\/www.bgolegal.com\/ca\/#website","url":"https:\/\/www.bgolegal.com\/ca\/","name":"BGO Legal","description":"Consultor\u00eda y asesor\u00eda empresarial","potentialAction":[{"@type":"SearchAction","target":{"@type":"EntryPoint","urlTemplate":"https:\/\/www.bgolegal.com\/ca\/?s={search_term_string}"},"query-input":{"@type":"PropertyValueSpecification","valueRequired":true,"valueName":"search_term_string"}}],"inLanguage":"ca"}]}},"_links":{"self":[{"href":"https:\/\/www.bgolegal.com\/ca\/wp-json\/wp\/v2\/pages\/3089","targetHints":{"allow":["GET"]}}],"collection":[{"href":"https:\/\/www.bgolegal.com\/ca\/wp-json\/wp\/v2\/pages"}],"about":[{"href":"https:\/\/www.bgolegal.com\/ca\/wp-json\/wp\/v2\/types\/page"}],"author":[{"embeddable":true,"href":"https:\/\/www.bgolegal.com\/ca\/wp-json\/wp\/v2\/users\/1"}],"replies":[{"embeddable":true,"href":"https:\/\/www.bgolegal.com\/ca\/wp-json\/wp\/v2\/comments?post=3089"}],"version-history":[{"count":4,"href":"https:\/\/www.bgolegal.com\/ca\/wp-json\/wp\/v2\/pages\/3089\/revisions"}],"predecessor-version":[{"id":3170,"href":"https:\/\/www.bgolegal.com\/ca\/wp-json\/wp\/v2\/pages\/3089\/revisions\/3170"}],"wp:attachment":[{"href":"https:\/\/www.bgolegal.com\/ca\/wp-json\/wp\/v2\/media?parent=3089"}],"curies":[{"name":"wp","href":"https:\/\/api.w.org\/{rel}","templated":true}]}}