{"id":3087,"date":"2020-10-02T15:59:50","date_gmt":"2020-10-02T13:59:50","guid":{"rendered":"https:\/\/www.bgolegal.com\/fiscal-laboral\/"},"modified":"2025-10-09T08:51:53","modified_gmt":"2025-10-09T06:51:53","slug":"fiscal-laboral","status":"publish","type":"page","link":"https:\/\/www.bgolegal.com\/ca\/fiscal-laboral\/","title":{"rendered":"Fiscal &#8211; Laboral"},"content":{"rendered":"\t\t<div data-elementor-type=\"wp-page\" data-elementor-id=\"3087\" class=\"elementor elementor-3087 elementor-209\" data-elementor-post-type=\"page\">\n\t\t\t\t<div class=\"elementor-element elementor-element-6b8d705 e-flex e-con-boxed wpr-particle-no wpr-jarallax-no wpr-parallax-no wpr-sticky-section-no e-con e-parent\" data-id=\"6b8d705\" data-element_type=\"container\">\n\t\t\t\t\t<div class=\"e-con-inner\">\n\t\t<div class=\"elementor-element elementor-element-9d801ea e-con-full e-flex wpr-particle-no wpr-jarallax-no wpr-parallax-no wpr-sticky-section-no e-con e-child\" data-id=\"9d801ea\" data-element_type=\"container\">\n\t\t\t\t<div class=\"elementor-element elementor-element-14de2fc elementor-widget elementor-widget-text-editor\" data-id=\"14de2fc\" data-element_type=\"widget\" data-widget_type=\"text-editor.default\">\n\t\t\t\t<div class=\"elementor-widget-container\">\n\t\t\t\t\t\t\t\t\t<p>A <strong>BGO<\/strong> comptem amb les persones i eines adequades per oferir a l&#8217;empresa el control i la gesti\u00f3 de les seves obligacions comptables i tribut\u00e0ries. Igualment, a nivell laboral podem oferir a l&#8217;empresa els serveis de gesti\u00f3 de n\u00f2mines i assessorament laboral que calgui.<\/p>\n\t\t\t\t\t\t\t\t<\/div>\n\t\t\t\t<\/div>\n\t\t\t\t<\/div>\n\t\t<div class=\"elementor-element elementor-element-a063588 e-con-full e-flex wpr-particle-no wpr-jarallax-no wpr-parallax-no wpr-sticky-section-no e-con e-child\" data-id=\"a063588\" data-element_type=\"container\">\n\t\t<div class=\"elementor-element elementor-element-91edaaf e-con-full e-flex wpr-particle-no wpr-jarallax-no wpr-parallax-no wpr-sticky-section-no e-con e-child\" data-id=\"91edaaf\" data-element_type=\"container\">\n\t\t\t\t<div class=\"elementor-element elementor-element-64c70a6 elementor-widget elementor-widget-heading\" data-id=\"64c70a6\" data-element_type=\"widget\" data-widget_type=\"heading.default\">\n\t\t\t\t<div class=\"elementor-widget-container\">\n\t\t\t\t\t<h3 class=\"elementor-heading-title elementor-size-default\">Teniu f\u00e0cil acc\u00e9s a les vostres dades comptables ia les vostres liquidacions d'impostos?<\/h3>\t\t\t\t<\/div>\n\t\t\t\t<\/div>\n\t\t\t\t<div class=\"elementor-element elementor-element-a78a84c elementor-widget elementor-widget-text-editor\" data-id=\"a78a84c\" data-element_type=\"widget\" data-widget_type=\"text-editor.default\">\n\t\t\t\t<div class=\"elementor-widget-container\">\n\t\t\t\t\t\t\t\t\t<p>La c\u00e0rrega documental i de procediments que l&#8217;empresa ha de suportar actualment s\u00f3n excessius, per aix\u00f2, des de <strong>BGO<\/strong> posem a disposici\u00f3 de l&#8217;empresa els nostres serveis de gesti\u00f3:<\/p>\n<ul>\n<li>Gesti\u00f3 de la comptabilitat<\/li>\n<li>Declaracions d&#8217;impostos<\/li>\n<li>Confecci\u00f3 de n\u00f2mines.<\/li>\n<li>Gestions davant de l&#8217;administraci\u00f3<\/li>\n<li>Atenci\u00f3 d\u00b4inspeccions<\/li>\n<li>Prevenci\u00f3 de riscos laborals<\/li>\n<\/ul>\n\t\t\t\t\t\t\t\t<\/div>\n\t\t\t\t<\/div>\n\t\t\t\t<\/div>\n\t\t<div class=\"elementor-element elementor-element-66379e4 e-con-full e-flex wpr-particle-no wpr-jarallax-no wpr-parallax-no wpr-sticky-section-no e-con e-child\" data-id=\"66379e4\" data-element_type=\"container\">\n\t\t\t\t<div class=\"elementor-element elementor-element-2c098dd elementor-widget elementor-widget-heading\" data-id=\"2c098dd\" data-element_type=\"widget\" data-widget_type=\"heading.default\">\n\t\t\t\t<div class=\"elementor-widget-container\">\n\t\t\t\t\t<h3 class=\"elementor-heading-title elementor-size-default\">Esteu segur que us beneficieu de totes les possibilitats que la legislaci\u00f3 fiscal i laboral atorga a l'empresa?<\/h3>\t\t\t\t<\/div>\n\t\t\t\t<\/div>\n\t\t\t\t<div class=\"elementor-element elementor-element-38ea1f6 elementor-widget elementor-widget-text-editor\" data-id=\"38ea1f6\" data-element_type=\"widget\" data-widget_type=\"text-editor.default\">\n\t\t\t\t<div class=\"elementor-widget-container\">\n\t\t\t\t\t\t\t\t\t<p>Des de <strong>BGO<\/strong> podem ajudar a fer una planificaci\u00f3 fiscal que permeti reduir la seva c\u00e0rrega impositiva, sempre dins dels marges legals.<\/p>\n<p>Analitzarem la seva situaci\u00f3 actual per quantificar els beneficis que pot obtenir d&#8217;una planificaci\u00f3 fiscal correcta i proposarem els passos a seguir per obtenir un benefici per a la seva empresa, utilitzant tots els mitjans que la legislaci\u00f3 ens permeti.<\/p>\n\t\t\t\t\t\t\t\t<\/div>\n\t\t\t\t<\/div>\n\t\t\t\t<\/div>\n\t\t\t\t<\/div>\n\t\t\t\t\t<\/div>\n\t\t\t\t<\/div>\n\t\t\t\t<\/div>\n\t\t","protected":false},"excerpt":{"rendered":"<p>A BGO us ajudem en la gesti\u00f3 de la vostra empresa<\/p>\n","protected":false},"author":1,"featured_media":0,"parent":0,"menu_order":0,"comment_status":"closed","ping_status":"closed","template":"","meta":{"_acf_changed":false,"footnotes":""},"class_list":["post-3087","page","type-page","status-publish","hentry"],"acf":[],"yoast_head":"<!-- This site is optimized with the Yoast SEO plugin v26.2 - https:\/\/yoast.com\/wordpress\/plugins\/seo\/ -->\n<title>Fiscal - Laboral - BGO Legal<\/title>\n<meta name=\"robots\" content=\"index, follow, max-snippet:-1, max-image-preview:large, max-video-preview:-1\" \/>\n<link rel=\"canonical\" href=\"https:\/\/www.bgolegal.com\/ca\/fiscal-laboral\/\" \/>\n<meta property=\"og:locale\" content=\"ca_ES\" \/>\n<meta property=\"og:type\" content=\"article\" \/>\n<meta property=\"og:title\" content=\"Fiscal - Laboral - BGO Legal\" \/>\n<meta property=\"og:description\" content=\"A BGO us ajudem en la gesti\u00f3 de la vostra empresa\" \/>\n<meta property=\"og:url\" content=\"https:\/\/www.bgolegal.com\/ca\/fiscal-laboral\/\" \/>\n<meta property=\"og:site_name\" content=\"BGO Legal\" \/>\n<meta property=\"article:modified_time\" content=\"2025-10-09T06:51:53+00:00\" \/>\n<meta name=\"twitter:card\" content=\"summary_large_image\" \/>\n<meta name=\"twitter:label1\" content=\"Temps estimat de lectura\" \/>\n\t<meta name=\"twitter:data1\" content=\"1 minut\" \/>\n<script type=\"application\/ld+json\" class=\"yoast-schema-graph\">{\"@context\":\"https:\/\/schema.org\",\"@graph\":[{\"@type\":\"WebPage\",\"@id\":\"https:\/\/www.bgolegal.com\/ca\/fiscal-laboral\/\",\"url\":\"https:\/\/www.bgolegal.com\/ca\/fiscal-laboral\/\",\"name\":\"Fiscal - Laboral - BGO Legal\",\"isPartOf\":{\"@id\":\"https:\/\/www.bgolegal.com\/ca\/#website\"},\"datePublished\":\"2020-10-02T13:59:50+00:00\",\"dateModified\":\"2025-10-09T06:51:53+00:00\",\"breadcrumb\":{\"@id\":\"https:\/\/www.bgolegal.com\/ca\/fiscal-laboral\/#breadcrumb\"},\"inLanguage\":\"ca\",\"potentialAction\":[{\"@type\":\"ReadAction\",\"target\":[\"https:\/\/www.bgolegal.com\/ca\/fiscal-laboral\/\"]}]},{\"@type\":\"BreadcrumbList\",\"@id\":\"https:\/\/www.bgolegal.com\/ca\/fiscal-laboral\/#breadcrumb\",\"itemListElement\":[{\"@type\":\"ListItem\",\"position\":1,\"name\":\"Portada\",\"item\":\"https:\/\/www.bgolegal.com\/ca\/inici\/\"},{\"@type\":\"ListItem\",\"position\":2,\"name\":\"Fiscal &#8211; Laboral\"}]},{\"@type\":\"WebSite\",\"@id\":\"https:\/\/www.bgolegal.com\/ca\/#website\",\"url\":\"https:\/\/www.bgolegal.com\/ca\/\",\"name\":\"BGO Legal\",\"description\":\"Consultor\u00eda y asesor\u00eda empresarial\",\"potentialAction\":[{\"@type\":\"SearchAction\",\"target\":{\"@type\":\"EntryPoint\",\"urlTemplate\":\"https:\/\/www.bgolegal.com\/ca\/?s={search_term_string}\"},\"query-input\":{\"@type\":\"PropertyValueSpecification\",\"valueRequired\":true,\"valueName\":\"search_term_string\"}}],\"inLanguage\":\"ca\"}]}<\/script>\n<!-- \/ Yoast SEO plugin. -->","yoast_head_json":{"title":"Fiscal - Laboral - BGO Legal","robots":{"index":"index","follow":"follow","max-snippet":"max-snippet:-1","max-image-preview":"max-image-preview:large","max-video-preview":"max-video-preview:-1"},"canonical":"https:\/\/www.bgolegal.com\/ca\/fiscal-laboral\/","og_locale":"ca_ES","og_type":"article","og_title":"Fiscal - Laboral - BGO Legal","og_description":"A BGO us ajudem en la gesti\u00f3 de la vostra empresa","og_url":"https:\/\/www.bgolegal.com\/ca\/fiscal-laboral\/","og_site_name":"BGO Legal","article_modified_time":"2025-10-09T06:51:53+00:00","twitter_card":"summary_large_image","twitter_misc":{"Temps estimat de lectura":"1 minut"},"schema":{"@context":"https:\/\/schema.org","@graph":[{"@type":"WebPage","@id":"https:\/\/www.bgolegal.com\/ca\/fiscal-laboral\/","url":"https:\/\/www.bgolegal.com\/ca\/fiscal-laboral\/","name":"Fiscal - Laboral - BGO Legal","isPartOf":{"@id":"https:\/\/www.bgolegal.com\/ca\/#website"},"datePublished":"2020-10-02T13:59:50+00:00","dateModified":"2025-10-09T06:51:53+00:00","breadcrumb":{"@id":"https:\/\/www.bgolegal.com\/ca\/fiscal-laboral\/#breadcrumb"},"inLanguage":"ca","potentialAction":[{"@type":"ReadAction","target":["https:\/\/www.bgolegal.com\/ca\/fiscal-laboral\/"]}]},{"@type":"BreadcrumbList","@id":"https:\/\/www.bgolegal.com\/ca\/fiscal-laboral\/#breadcrumb","itemListElement":[{"@type":"ListItem","position":1,"name":"Portada","item":"https:\/\/www.bgolegal.com\/ca\/inici\/"},{"@type":"ListItem","position":2,"name":"Fiscal &#8211; Laboral"}]},{"@type":"WebSite","@id":"https:\/\/www.bgolegal.com\/ca\/#website","url":"https:\/\/www.bgolegal.com\/ca\/","name":"BGO Legal","description":"Consultor\u00eda y asesor\u00eda empresarial","potentialAction":[{"@type":"SearchAction","target":{"@type":"EntryPoint","urlTemplate":"https:\/\/www.bgolegal.com\/ca\/?s={search_term_string}"},"query-input":{"@type":"PropertyValueSpecification","valueRequired":true,"valueName":"search_term_string"}}],"inLanguage":"ca"}]}},"_links":{"self":[{"href":"https:\/\/www.bgolegal.com\/ca\/wp-json\/wp\/v2\/pages\/3087","targetHints":{"allow":["GET"]}}],"collection":[{"href":"https:\/\/www.bgolegal.com\/ca\/wp-json\/wp\/v2\/pages"}],"about":[{"href":"https:\/\/www.bgolegal.com\/ca\/wp-json\/wp\/v2\/types\/page"}],"author":[{"embeddable":true,"href":"https:\/\/www.bgolegal.com\/ca\/wp-json\/wp\/v2\/users\/1"}],"replies":[{"embeddable":true,"href":"https:\/\/www.bgolegal.com\/ca\/wp-json\/wp\/v2\/comments?post=3087"}],"version-history":[{"count":3,"href":"https:\/\/www.bgolegal.com\/ca\/wp-json\/wp\/v2\/pages\/3087\/revisions"}],"predecessor-version":[{"id":3169,"href":"https:\/\/www.bgolegal.com\/ca\/wp-json\/wp\/v2\/pages\/3087\/revisions\/3169"}],"wp:attachment":[{"href":"https:\/\/www.bgolegal.com\/ca\/wp-json\/wp\/v2\/media?parent=3087"}],"curies":[{"name":"wp","href":"https:\/\/api.w.org\/{rel}","templated":true}]}}