{"id":3085,"date":"2020-10-05T11:23:10","date_gmt":"2020-10-05T09:23:10","guid":{"rendered":"https:\/\/www.bgolegal.com\/contacte\/"},"modified":"2025-10-09T08:56:18","modified_gmt":"2025-10-09T06:56:18","slug":"contacte","status":"publish","type":"page","link":"https:\/\/www.bgolegal.com\/ca\/contacte\/","title":{"rendered":"Contacte"},"content":{"rendered":"\t\t<div data-elementor-type=\"wp-page\" data-elementor-id=\"3085\" class=\"elementor elementor-3085 elementor-261\" data-elementor-post-type=\"page\">\n\t\t\t\t<div class=\"elementor-element elementor-element-d74252c e-flex e-con-boxed wpr-particle-no wpr-jarallax-no wpr-parallax-no wpr-sticky-section-no e-con e-parent\" data-id=\"d74252c\" data-element_type=\"container\">\n\t\t\t\t\t<div class=\"e-con-inner\">\n\t\t<div class=\"elementor-element elementor-element-7a48cb2 e-con-full e-flex wpr-particle-no wpr-jarallax-no wpr-parallax-no wpr-sticky-section-no e-con e-child\" data-id=\"7a48cb2\" data-element_type=\"container\">\n\t\t\t\t<div class=\"elementor-element elementor-element-2923c10 elementor-widget elementor-widget-text-editor\" data-id=\"2923c10\" data-element_type=\"widget\" data-widget_type=\"text-editor.default\">\n\t\t\t\t<div class=\"elementor-widget-container\">\n\t\t\t\t\t\t\t\t\t<p>Si teniu qualsevol pregunta o voleu saber m\u00e9s sobre els nostres serveis, no dubteu a posar-vos en contacte amb nosaltres omplint el formulari oa trav\u00e9s de tel\u00e8fon o email. Contactarem amb vost\u00e8 el m\u00e9s aviat possible.<\/p>\n\t\t\t\t\t\t\t\t<\/div>\n\t\t\t\t<\/div>\n\t\t<div class=\"elementor-element elementor-element-9fab3b9 e-con-full e-flex wpr-particle-no wpr-jarallax-no wpr-parallax-no wpr-sticky-section-no e-con e-child\" data-id=\"9fab3b9\" data-element_type=\"container\">\n\t\t<div class=\"elementor-element elementor-element-3fa51c2 e-flex e-con-boxed wpr-particle-no wpr-jarallax-no wpr-parallax-no wpr-sticky-section-no e-con e-child\" data-id=\"3fa51c2\" data-element_type=\"container\">\n\t\t\t\t\t<div class=\"e-con-inner\">\n\t\t\t\t<div class=\"elementor-element elementor-element-204a751 elementor-widget elementor-widget-heading\" data-id=\"204a751\" data-element_type=\"widget\" data-widget_type=\"heading.default\">\n\t\t\t\t<div class=\"elementor-widget-container\">\n\t\t\t\t\t<h3 class=\"elementor-heading-title elementor-size-default\">Adre\u00e7a<\/h3>\t\t\t\t<\/div>\n\t\t\t\t<\/div>\n\t\t\t\t<div class=\"elementor-element elementor-element-4848d68 elementor-widget-divider--view-line elementor-widget elementor-widget-divider\" data-id=\"4848d68\" data-element_type=\"widget\" data-widget_type=\"divider.default\">\n\t\t\t\t<div class=\"elementor-widget-container\">\n\t\t\t\t\t\t\t<div class=\"elementor-divider\">\n\t\t\t<span class=\"elementor-divider-separator\">\n\t\t\t\t\t\t<\/span>\n\t\t<\/div>\n\t\t\t\t\t\t<\/div>\n\t\t\t\t<\/div>\n\t\t\t\t<div class=\"elementor-element elementor-element-f721b99 elementor-widget elementor-widget-text-editor\" data-id=\"f721b99\" data-element_type=\"widget\" data-widget_type=\"text-editor.default\">\n\t\t\t\t<div class=\"elementor-widget-container\">\n\t\t\t\t\t\t\t\t\t<p>Ed. Forum &#8211; Ctra. Rubi, 40 &#8211; 4\u00ba<br \/>08174 Sant Cugat del Vall\u00e9s <br \/>(Spain)<\/p>\n\t\t\t\t\t\t\t\t<\/div>\n\t\t\t\t<\/div>\n\t\t\t\t\t<\/div>\n\t\t\t\t<\/div>\n\t\t<div class=\"elementor-element elementor-element-faeb147 e-flex e-con-boxed wpr-particle-no wpr-jarallax-no wpr-parallax-no wpr-sticky-section-no e-con e-child\" data-id=\"faeb147\" data-element_type=\"container\">\n\t\t\t\t\t<div class=\"e-con-inner\">\n\t\t\t\t<div class=\"elementor-element elementor-element-8bd1a92 elementor-widget elementor-widget-heading\" data-id=\"8bd1a92\" data-element_type=\"widget\" data-widget_type=\"heading.default\">\n\t\t\t\t<div class=\"elementor-widget-container\">\n\t\t\t\t\t<h3 class=\"elementor-heading-title elementor-size-default\">Contacte<\/h3>\t\t\t\t<\/div>\n\t\t\t\t<\/div>\n\t\t\t\t<div class=\"elementor-element elementor-element-0c374d2 elementor-widget-divider--view-line elementor-widget elementor-widget-divider\" data-id=\"0c374d2\" data-element_type=\"widget\" data-widget_type=\"divider.default\">\n\t\t\t\t<div class=\"elementor-widget-container\">\n\t\t\t\t\t\t\t<div class=\"elementor-divider\">\n\t\t\t<span class=\"elementor-divider-separator\">\n\t\t\t\t\t\t<\/span>\n\t\t<\/div>\n\t\t\t\t\t\t<\/div>\n\t\t\t\t<\/div>\n\t\t\t\t<div class=\"elementor-element elementor-element-38d0aaa elementor-widget elementor-widget-text-editor\" data-id=\"38d0aaa\" data-element_type=\"widget\" data-widget_type=\"text-editor.default\">\n\t\t\t\t<div class=\"elementor-widget-container\">\n\t\t\t\t\t\t\t\t\t<p><a href=\"mailto:bgo@bgolegal.com\">bgo@bgolegal.com<\/a><\/p>\n\t\t\t\t\t\t\t\t<\/div>\n\t\t\t\t<\/div>\n\t\t\t\t\t<\/div>\n\t\t\t\t<\/div>\n\t\t<div class=\"elementor-element elementor-element-cddb1c0 e-flex e-con-boxed wpr-particle-no wpr-jarallax-no wpr-parallax-no wpr-sticky-section-no e-con e-child\" data-id=\"cddb1c0\" data-element_type=\"container\">\n\t\t\t\t\t<div class=\"e-con-inner\">\n\t\t\t\t<div class=\"elementor-element elementor-element-159faf7 elementor-widget elementor-widget-heading\" data-id=\"159faf7\" data-element_type=\"widget\" data-widget_type=\"heading.default\">\n\t\t\t\t<div class=\"elementor-widget-container\">\n\t\t\t\t\t<h3 class=\"elementor-heading-title elementor-size-default\">Segueix-nos<\/h3>\t\t\t\t<\/div>\n\t\t\t\t<\/div>\n\t\t\t\t<div class=\"elementor-element elementor-element-1a1ee5b elementor-widget-divider--view-line elementor-widget elementor-widget-divider\" data-id=\"1a1ee5b\" data-element_type=\"widget\" data-widget_type=\"divider.default\">\n\t\t\t\t<div class=\"elementor-widget-container\">\n\t\t\t\t\t\t\t<div class=\"elementor-divider\">\n\t\t\t<span class=\"elementor-divider-separator\">\n\t\t\t\t\t\t<\/span>\n\t\t<\/div>\n\t\t\t\t\t\t<\/div>\n\t\t\t\t<\/div>\n\t\t\t\t<div class=\"elementor-element elementor-element-142a102 elementor-shape-circle e-grid-align-left elementor-grid-0 elementor-widget elementor-widget-social-icons\" data-id=\"142a102\" data-element_type=\"widget\" data-widget_type=\"social-icons.default\">\n\t\t\t\t<div class=\"elementor-widget-container\">\n\t\t\t\t\t\t\t<div class=\"elementor-social-icons-wrapper elementor-grid\" role=\"list\">\n\t\t\t\t\t\t\t<span class=\"elementor-grid-item\" role=\"listitem\">\n\t\t\t\t\t<a class=\"elementor-icon elementor-social-icon elementor-social-icon-linkedin elementor-repeater-item-09c7cf1\" href=\"https:\/\/www.linkedin.com\/company\/bgo-legal\/\" target=\"_blank\" rel=\"nofollow\">\n\t\t\t\t\t\t<span class=\"elementor-screen-only\">Linkedin<\/span>\n\t\t\t\t\t\t<i aria-hidden=\"true\" class=\"fab fa-linkedin\"><\/i>\t\t\t\t\t<\/a>\n\t\t\t\t<\/span>\n\t\t\t\t\t\t\t<span class=\"elementor-grid-item\" role=\"listitem\">\n\t\t\t\t\t<a class=\"elementor-icon elementor-social-icon elementor-social-icon-twitter elementor-repeater-item-8c1bd6a\" href=\"https:\/\/twitter.com\/BGOLegal\" target=\"_blank\" rel=\"nofollow\">\n\t\t\t\t\t\t<span class=\"elementor-screen-only\">Twitter<\/span>\n\t\t\t\t\t\t<i aria-hidden=\"true\" class=\"fab fa-twitter\"><\/i>\t\t\t\t\t<\/a>\n\t\t\t\t<\/span>\n\t\t\t\t\t<\/div>\n\t\t\t\t\t\t<\/div>\n\t\t\t\t<\/div>\n\t\t\t\t\t<\/div>\n\t\t\t\t<\/div>\n\t\t\t\t<\/div>\n\t\t\t\t<\/div>\n\t\t<div class=\"elementor-element elementor-element-0b7b0ab e-con-full e-flex wpr-particle-no wpr-jarallax-no wpr-parallax-no wpr-sticky-section-no e-con e-child\" data-id=\"0b7b0ab\" data-element_type=\"container\">\n\t\t\t\t<div class=\"elementor-element elementor-element-a70802f elementor-button-align-stretch elementor-widget elementor-widget-form\" data-id=\"a70802f\" data-element_type=\"widget\" data-settings=\"{&quot;step_next_label&quot;:&quot;Seg\\u00fcent&quot;,&quot;step_previous_label&quot;:&quot;Anterior&quot;,&quot;button_width&quot;:&quot;100&quot;,&quot;step_type&quot;:&quot;number_text&quot;,&quot;step_icon_shape&quot;:&quot;circle&quot;}\" data-widget_type=\"form.default\">\n\t\t\t\t<div class=\"elementor-widget-container\">\n\t\t\t\t\t\t\t<form class=\"elementor-form\" method=\"post\" name=\"New Form\" aria-label=\"New Form\">\n\t\t\t<input type=\"hidden\" name=\"post_id\" value=\"3085\"\/>\n\t\t\t<input type=\"hidden\" name=\"form_id\" value=\"a70802f\"\/>\n\t\t\t<input type=\"hidden\" name=\"referer_title\" value=\"Contacte - BGO Legal\" \/>\n\n\t\t\t\t\t\t\t<input type=\"hidden\" name=\"queried_id\" value=\"3085\"\/>\n\t\t\t\n\t\t\t<div class=\"elementor-form-fields-wrapper elementor-labels-above\">\n\t\t\t\t\t\t\t\t<div class=\"elementor-field-type-text elementor-field-group elementor-column elementor-field-group-name elementor-col-100 elementor-field-required elementor-mark-required\">\n\t\t\t\t\t\t\t\t\t\t\t\t<label for=\"form-field-name\" class=\"elementor-field-label\">\n\t\t\t\t\t\t\t\tNom\t\t\t\t\t\t\t<\/label>\n\t\t\t\t\t\t\t\t\t\t\t\t\t\t<input size=\"1\" type=\"text\" name=\"form_fields[name]\" id=\"form-field-name\" class=\"elementor-field elementor-size-sm  elementor-field-textual\" required=\"required\">\n\t\t\t\t\t\t\t\t\t\t\t<\/div>\n\t\t\t\t\t\t\t\t<div class=\"elementor-field-type-email elementor-field-group elementor-column elementor-field-group-email elementor-col-100 elementor-field-required elementor-mark-required\">\n\t\t\t\t\t\t\t\t\t\t\t\t<label for=\"form-field-email\" class=\"elementor-field-label\">\n\t\t\t\t\t\t\t\tEmail\t\t\t\t\t\t\t<\/label>\n\t\t\t\t\t\t\t\t\t\t\t\t\t\t<input size=\"1\" type=\"email\" name=\"form_fields[email]\" id=\"form-field-email\" class=\"elementor-field elementor-size-sm  elementor-field-textual\" required=\"required\">\n\t\t\t\t\t\t\t\t\t\t\t<\/div>\n\t\t\t\t\t\t\t\t<div class=\"elementor-field-type-tel elementor-field-group elementor-column elementor-field-group-field_5fc3054 elementor-col-100\">\n\t\t\t\t\t\t\t\t\t\t\t\t<label for=\"form-field-field_5fc3054\" class=\"elementor-field-label\">\n\t\t\t\t\t\t\t\tTel\u00e8fon\t\t\t\t\t\t\t<\/label>\n\t\t\t\t\t\t\t\t<input size=\"1\" type=\"tel\" name=\"form_fields[field_5fc3054]\" id=\"form-field-field_5fc3054\" class=\"elementor-field elementor-size-sm  elementor-field-textual\" pattern=\"[0-9()#&amp;+*-=.]+\" title=\"Only numbers and phone characters (#, -, *, etc) are accepted.\">\n\n\t\t\t\t\t\t<\/div>\n\t\t\t\t\t\t\t\t<div class=\"elementor-field-type-text elementor-field-group elementor-column elementor-field-group-6ed25c0 elementor-col-100\">\n\t\t\t\t\t\t\t\t\t\t\t\t<label for=\"form-field-6ed25c0\" class=\"elementor-field-label\">\n\t\t\t\t\t\t\t\tEmpresa\t\t\t\t\t\t\t<\/label>\n\t\t\t\t\t\t\t\t\t\t\t\t\t\t<input size=\"1\" type=\"text\" name=\"form_fields[6ed25c0]\" id=\"form-field-6ed25c0\" class=\"elementor-field elementor-size-sm  elementor-field-textual\">\n\t\t\t\t\t\t\t\t\t\t\t<\/div>\n\t\t\t\t\t\t\t\t<div class=\"elementor-field-type-textarea elementor-field-group elementor-column elementor-field-group-field_fe537ce elementor-col-100 elementor-field-required elementor-mark-required\">\n\t\t\t\t\t\t\t\t\t\t\t\t<label for=\"form-field-field_fe537ce\" class=\"elementor-field-label\">\n\t\t\t\t\t\t\t\tEl teu missatge\t\t\t\t\t\t\t<\/label>\n\t\t\t\t\t\t<textarea class=\"elementor-field-textual elementor-field  elementor-size-sm\" name=\"form_fields[field_fe537ce]\" id=\"form-field-field_fe537ce\" rows=\"6\" required=\"required\"><\/textarea>\t\t\t\t<\/div>\n\t\t\t\t\t\t\t\t<div class=\"elementor-field-group elementor-column elementor-field-type-submit elementor-col-100 e-form__buttons\">\n\t\t\t\t\t<button class=\"elementor-button elementor-size-sm\" type=\"submit\">\n\t\t\t\t\t\t<span class=\"elementor-button-content-wrapper\">\n\t\t\t\t\t\t\t\t\t\t\t\t\t\t\t\t\t\t\t\t\t\t<span class=\"elementor-button-text\">Enviar<\/span>\n\t\t\t\t\t\t\t\t\t\t\t\t\t<\/span>\n\t\t\t\t\t<\/button>\n\t\t\t\t<\/div>\n\t\t\t<\/div>\n\t\t<\/form>\n\t\t\t\t\t\t<\/div>\n\t\t\t\t<\/div>\n\t\t\t\t<\/div>\n\t\t\t\t\t<\/div>\n\t\t\t\t<\/div>\n\t\t<div class=\"elementor-element elementor-element-f748d69 e-con-full e-flex wpr-particle-no wpr-jarallax-no wpr-parallax-no wpr-sticky-section-no e-con e-parent\" data-id=\"f748d69\" data-element_type=\"container\" data-settings=\"{&quot;background_background&quot;:&quot;classic&quot;}\">\n\t\t\t\t<div class=\"elementor-element elementor-element-8794086 elementor-widget elementor-widget-google_maps\" data-id=\"8794086\" data-element_type=\"widget\" data-widget_type=\"google_maps.default\">\n\t\t\t\t<div class=\"elementor-widget-container\">\n\t\t\t\t\t\t\t<div class=\"elementor-custom-embed\">\n\t\t\t<iframe loading=\"lazy\"\n\t\t\t\t\tsrc=\"https:\/\/maps.google.com\/maps?q=Ed.%20Forum%20%E2%80%93%20Ctra.%20Rubi%2040%20-4%C2%BA%20%E2%80%93%2008174%20Sant%20Cugat%20del%20Vall%C3%A9s%20%28Spain%29&#038;t=m&#038;z=14&#038;output=embed&#038;iwloc=near\"\n\t\t\t\t\ttitle=\"Ed. Forum \u2013 Ctra. Rubi 40 -4\u00ba \u2013 08174 Sant Cugat del Vall\u00e9s (Spain)\"\n\t\t\t\t\taria-label=\"Ed. Forum \u2013 Ctra. Rubi 40 -4\u00ba \u2013 08174 Sant Cugat del Vall\u00e9s (Spain)\"\n\t\t\t><\/iframe>\n\t\t<\/div>\n\t\t\t\t\t\t<\/div>\n\t\t\t\t<\/div>\n\t\t\t\t<\/div>\n\t\t\t\t<\/div>\n\t\t","protected":false},"excerpt":{"rendered":"<p>Si teniu qualsevol pregunta o voleu saber m\u00e9s sobre els nostres serveis, no dubteu a posar-vos en contacte amb nosaltres omplint el formulari oa trav\u00e9s de tel\u00e8fon o email. Contactarem amb vost\u00e8 el m\u00e9s aviat possible. Adre\u00e7a Ed. Forum &#8211; Ctra. Rubi, 40 &#8211; 4\u00ba08174 Sant Cugat del Vall\u00e9s (Spain) Contacte bgo@bgolegal.com Segueix-nos Linkedin Twitter<\/p>\n","protected":false},"author":1,"featured_media":3122,"parent":0,"menu_order":0,"comment_status":"closed","ping_status":"closed","template":"","meta":{"_acf_changed":false,"footnotes":""},"class_list":["post-3085","page","type-page","status-publish","has-post-thumbnail","hentry"],"acf":[],"yoast_head":"<!-- This site is optimized with the Yoast SEO plugin v26.2 - https:\/\/yoast.com\/wordpress\/plugins\/seo\/ -->\n<title>Contacte - BGO Legal<\/title>\n<meta name=\"robots\" content=\"index, follow, max-snippet:-1, max-image-preview:large, max-video-preview:-1\" \/>\n<link rel=\"canonical\" href=\"https:\/\/www.bgolegal.com\/ca\/contacte\/\" \/>\n<meta property=\"og:locale\" content=\"ca_ES\" \/>\n<meta property=\"og:type\" content=\"article\" \/>\n<meta property=\"og:title\" content=\"Contacte - BGO Legal\" \/>\n<meta property=\"og:description\" content=\"Si teniu qualsevol pregunta o voleu saber m\u00e9s sobre els nostres serveis, no dubteu a posar-vos en contacte amb nosaltres omplint el formulari oa trav\u00e9s de tel\u00e8fon o email. Contactarem amb vost\u00e8 el m\u00e9s aviat possible. Adre\u00e7a Ed. Forum &#8211; Ctra. Rubi, 40 &#8211; 4\u00ba08174 Sant Cugat del Vall\u00e9s (Spain) Contacte bgo@bgolegal.com Segueix-nos Linkedin Twitter\" \/>\n<meta property=\"og:url\" content=\"https:\/\/www.bgolegal.com\/ca\/contacte\/\" \/>\n<meta property=\"og:site_name\" content=\"BGO Legal\" \/>\n<meta property=\"article:modified_time\" content=\"2025-10-09T06:56:18+00:00\" \/>\n<meta property=\"og:image\" content=\"https:\/\/www.bgolegal.com\/wp-content\/uploads\/2024\/02\/bgo-legal-conatcto-bg-01.jpg\" \/>\n\t<meta property=\"og:image:width\" content=\"1920\" \/>\n\t<meta property=\"og:image:height\" content=\"664\" \/>\n\t<meta property=\"og:image:type\" content=\"image\/jpeg\" \/>\n<meta name=\"twitter:card\" content=\"summary_large_image\" \/>\n<script type=\"application\/ld+json\" class=\"yoast-schema-graph\">{\"@context\":\"https:\/\/schema.org\",\"@graph\":[{\"@type\":\"WebPage\",\"@id\":\"https:\/\/www.bgolegal.com\/ca\/contacte\/\",\"url\":\"https:\/\/www.bgolegal.com\/ca\/contacte\/\",\"name\":\"Contacte - BGO Legal\",\"isPartOf\":{\"@id\":\"https:\/\/www.bgolegal.com\/ca\/#website\"},\"primaryImageOfPage\":{\"@id\":\"https:\/\/www.bgolegal.com\/ca\/contacte\/#primaryimage\"},\"image\":{\"@id\":\"https:\/\/www.bgolegal.com\/ca\/contacte\/#primaryimage\"},\"thumbnailUrl\":\"https:\/\/www.bgolegal.com\/wp-content\/uploads\/2024\/02\/bgo-legal-conatcto-bg-01.jpg\",\"datePublished\":\"2020-10-05T09:23:10+00:00\",\"dateModified\":\"2025-10-09T06:56:18+00:00\",\"breadcrumb\":{\"@id\":\"https:\/\/www.bgolegal.com\/ca\/contacte\/#breadcrumb\"},\"inLanguage\":\"ca\",\"potentialAction\":[{\"@type\":\"ReadAction\",\"target\":[\"https:\/\/www.bgolegal.com\/ca\/contacte\/\"]}]},{\"@type\":\"ImageObject\",\"inLanguage\":\"ca\",\"@id\":\"https:\/\/www.bgolegal.com\/ca\/contacte\/#primaryimage\",\"url\":\"https:\/\/www.bgolegal.com\/wp-content\/uploads\/2024\/02\/bgo-legal-conatcto-bg-01.jpg\",\"contentUrl\":\"https:\/\/www.bgolegal.com\/wp-content\/uploads\/2024\/02\/bgo-legal-conatcto-bg-01.jpg\",\"width\":1920,\"height\":664},{\"@type\":\"BreadcrumbList\",\"@id\":\"https:\/\/www.bgolegal.com\/ca\/contacte\/#breadcrumb\",\"itemListElement\":[{\"@type\":\"ListItem\",\"position\":1,\"name\":\"Portada\",\"item\":\"https:\/\/www.bgolegal.com\/ca\/inici\/\"},{\"@type\":\"ListItem\",\"position\":2,\"name\":\"Contacte\"}]},{\"@type\":\"WebSite\",\"@id\":\"https:\/\/www.bgolegal.com\/ca\/#website\",\"url\":\"https:\/\/www.bgolegal.com\/ca\/\",\"name\":\"BGO Legal\",\"description\":\"Consultor\u00eda y asesor\u00eda empresarial\",\"potentialAction\":[{\"@type\":\"SearchAction\",\"target\":{\"@type\":\"EntryPoint\",\"urlTemplate\":\"https:\/\/www.bgolegal.com\/ca\/?s={search_term_string}\"},\"query-input\":{\"@type\":\"PropertyValueSpecification\",\"valueRequired\":true,\"valueName\":\"search_term_string\"}}],\"inLanguage\":\"ca\"}]}<\/script>\n<!-- \/ Yoast SEO plugin. -->","yoast_head_json":{"title":"Contacte - BGO Legal","robots":{"index":"index","follow":"follow","max-snippet":"max-snippet:-1","max-image-preview":"max-image-preview:large","max-video-preview":"max-video-preview:-1"},"canonical":"https:\/\/www.bgolegal.com\/ca\/contacte\/","og_locale":"ca_ES","og_type":"article","og_title":"Contacte - BGO Legal","og_description":"Si teniu qualsevol pregunta o voleu saber m\u00e9s sobre els nostres serveis, no dubteu a posar-vos en contacte amb nosaltres omplint el formulari oa trav\u00e9s de tel\u00e8fon o email. Contactarem amb vost\u00e8 el m\u00e9s aviat possible. Adre\u00e7a Ed. Forum &#8211; Ctra. Rubi, 40 &#8211; 4\u00ba08174 Sant Cugat del Vall\u00e9s (Spain) Contacte bgo@bgolegal.com Segueix-nos Linkedin Twitter","og_url":"https:\/\/www.bgolegal.com\/ca\/contacte\/","og_site_name":"BGO Legal","article_modified_time":"2025-10-09T06:56:18+00:00","og_image":[{"width":1920,"height":664,"url":"https:\/\/www.bgolegal.com\/wp-content\/uploads\/2024\/02\/bgo-legal-conatcto-bg-01.jpg","type":"image\/jpeg"}],"twitter_card":"summary_large_image","schema":{"@context":"https:\/\/schema.org","@graph":[{"@type":"WebPage","@id":"https:\/\/www.bgolegal.com\/ca\/contacte\/","url":"https:\/\/www.bgolegal.com\/ca\/contacte\/","name":"Contacte - BGO Legal","isPartOf":{"@id":"https:\/\/www.bgolegal.com\/ca\/#website"},"primaryImageOfPage":{"@id":"https:\/\/www.bgolegal.com\/ca\/contacte\/#primaryimage"},"image":{"@id":"https:\/\/www.bgolegal.com\/ca\/contacte\/#primaryimage"},"thumbnailUrl":"https:\/\/www.bgolegal.com\/wp-content\/uploads\/2024\/02\/bgo-legal-conatcto-bg-01.jpg","datePublished":"2020-10-05T09:23:10+00:00","dateModified":"2025-10-09T06:56:18+00:00","breadcrumb":{"@id":"https:\/\/www.bgolegal.com\/ca\/contacte\/#breadcrumb"},"inLanguage":"ca","potentialAction":[{"@type":"ReadAction","target":["https:\/\/www.bgolegal.com\/ca\/contacte\/"]}]},{"@type":"ImageObject","inLanguage":"ca","@id":"https:\/\/www.bgolegal.com\/ca\/contacte\/#primaryimage","url":"https:\/\/www.bgolegal.com\/wp-content\/uploads\/2024\/02\/bgo-legal-conatcto-bg-01.jpg","contentUrl":"https:\/\/www.bgolegal.com\/wp-content\/uploads\/2024\/02\/bgo-legal-conatcto-bg-01.jpg","width":1920,"height":664},{"@type":"BreadcrumbList","@id":"https:\/\/www.bgolegal.com\/ca\/contacte\/#breadcrumb","itemListElement":[{"@type":"ListItem","position":1,"name":"Portada","item":"https:\/\/www.bgolegal.com\/ca\/inici\/"},{"@type":"ListItem","position":2,"name":"Contacte"}]},{"@type":"WebSite","@id":"https:\/\/www.bgolegal.com\/ca\/#website","url":"https:\/\/www.bgolegal.com\/ca\/","name":"BGO Legal","description":"Consultor\u00eda y asesor\u00eda empresarial","potentialAction":[{"@type":"SearchAction","target":{"@type":"EntryPoint","urlTemplate":"https:\/\/www.bgolegal.com\/ca\/?s={search_term_string}"},"query-input":{"@type":"PropertyValueSpecification","valueRequired":true,"valueName":"search_term_string"}}],"inLanguage":"ca"}]}},"_links":{"self":[{"href":"https:\/\/www.bgolegal.com\/ca\/wp-json\/wp\/v2\/pages\/3085","targetHints":{"allow":["GET"]}}],"collection":[{"href":"https:\/\/www.bgolegal.com\/ca\/wp-json\/wp\/v2\/pages"}],"about":[{"href":"https:\/\/www.bgolegal.com\/ca\/wp-json\/wp\/v2\/types\/page"}],"author":[{"embeddable":true,"href":"https:\/\/www.bgolegal.com\/ca\/wp-json\/wp\/v2\/users\/1"}],"replies":[{"embeddable":true,"href":"https:\/\/www.bgolegal.com\/ca\/wp-json\/wp\/v2\/comments?post=3085"}],"version-history":[{"count":3,"href":"https:\/\/www.bgolegal.com\/ca\/wp-json\/wp\/v2\/pages\/3085\/revisions"}],"predecessor-version":[{"id":3176,"href":"https:\/\/www.bgolegal.com\/ca\/wp-json\/wp\/v2\/pages\/3085\/revisions\/3176"}],"wp:featuredmedia":[{"embeddable":true,"href":"https:\/\/www.bgolegal.com\/ca\/wp-json\/wp\/v2\/media\/3122"}],"wp:attachment":[{"href":"https:\/\/www.bgolegal.com\/ca\/wp-json\/wp\/v2\/media?parent=3085"}],"curies":[{"name":"wp","href":"https:\/\/api.w.org\/{rel}","templated":true}]}}