{"id":3083,"date":"2020-10-02T15:17:26","date_gmt":"2020-10-02T13:17:26","guid":{"rendered":"https:\/\/www.bgolegal.com\/consultoria\/"},"modified":"2025-10-09T08:51:23","modified_gmt":"2025-10-09T06:51:23","slug":"consultoria","status":"publish","type":"page","link":"https:\/\/www.bgolegal.com\/ca\/consultoria\/","title":{"rendered":"Consultoria"},"content":{"rendered":"\t\t<div data-elementor-type=\"wp-page\" data-elementor-id=\"3083\" class=\"elementor elementor-3083 elementor-191\" data-elementor-post-type=\"page\">\n\t\t\t\t<div class=\"elementor-element elementor-element-2dfb76a e-flex e-con-boxed wpr-particle-no wpr-jarallax-no wpr-parallax-no wpr-sticky-section-no e-con e-parent\" data-id=\"2dfb76a\" data-element_type=\"container\">\n\t\t\t\t\t<div class=\"e-con-inner\">\n\t\t<div class=\"elementor-element elementor-element-3491cd6 e-con-full e-flex wpr-particle-no wpr-jarallax-no wpr-parallax-no wpr-sticky-section-no e-con e-child\" data-id=\"3491cd6\" data-element_type=\"container\">\n\t\t\t\t<div class=\"elementor-element elementor-element-721e7a2 elementor-widget elementor-widget-text-editor\" data-id=\"721e7a2\" data-element_type=\"widget\" data-widget_type=\"text-editor.default\">\n\t\t\t\t<div class=\"elementor-widget-container\">\n\t\t\t\t\t\t\t\t\t<p><strong>BGO<\/strong> ajuda a con\u00e8ixer eines que serveixin per afrontar problemes circumstancials o estructurals de la vostra empresa. Lajudar\u00e0 en laplicaci\u00f3 de les mesures correctores necess\u00e0ries en tot el proc\u00e9s dimplementaci\u00f3 i reestructuraci\u00f3.<\/p>\n\t\t\t\t\t\t\t\t<\/div>\n\t\t\t\t<\/div>\n\t\t\t\t<\/div>\n\t\t<div class=\"elementor-element elementor-element-431adea e-con-full e-flex wpr-particle-no wpr-jarallax-no wpr-parallax-no wpr-sticky-section-no e-con e-child\" data-id=\"431adea\" data-element_type=\"container\">\n\t\t\t\t<\/div>\n\t\t\t\t\t<\/div>\n\t\t\t\t<\/div>\n\t\t<div class=\"elementor-element elementor-element-071d98a e-flex e-con-boxed wpr-particle-no wpr-jarallax-no wpr-parallax-no wpr-sticky-section-no e-con e-parent\" data-id=\"071d98a\" data-element_type=\"container\">\n\t\t\t\t\t<div class=\"e-con-inner\">\n\t\t<div class=\"elementor-element elementor-element-c401046 e-con-full e-flex wpr-particle-no wpr-jarallax-no wpr-parallax-no wpr-sticky-section-no e-con e-child\" data-id=\"c401046\" data-element_type=\"container\">\n\t\t\t\t<div class=\"elementor-element elementor-element-d9d1e2d elementor-widget elementor-widget-heading\" data-id=\"d9d1e2d\" data-element_type=\"widget\" data-widget_type=\"heading.default\">\n\t\t\t\t<div class=\"elementor-widget-container\">\n\t\t\t\t\t<h3 class=\"elementor-heading-title elementor-size-default\">T\u00e9 la seva empresa potencial de creixement i no sap com aconseguir-ho?<\/h3>\t\t\t\t<\/div>\n\t\t\t\t<\/div>\n\t\t\t\t<div class=\"elementor-element elementor-element-53d641d elementor-widget elementor-widget-text-editor\" data-id=\"53d641d\" data-element_type=\"widget\" data-widget_type=\"text-editor.default\">\n\t\t\t\t<div class=\"elementor-widget-container\">\n\t\t\t\t\t\t\t\t\t<p>A <strong>BGO<\/strong> ajudem l&#8217;empresa en la presa de decisions per fomentar un creixement sostingut que garanteixi la seva continu\u00eftat i superaci\u00f3 de les crisis a qu\u00e8 hagi de fer front.<\/p>\n<p>Posem a disposici\u00f3 de l&#8217;empresa professionals qualificats per estudiar la situaci\u00f3 de l&#8217;empresa, descobrir-ne les fortaleses i debilitats, les oportunitats i les amenaces i l&#8217;ajudem en la planificaci\u00f3, aportant les eines necess\u00e0ries per ajudar a corregir els errors comesos i buscar un creixement sostingut i controlat.<\/p>\n\t\t\t\t\t\t\t\t<\/div>\n\t\t\t\t<\/div>\n\t\t\t\t<\/div>\n\t\t<div class=\"elementor-element elementor-element-f405691 e-con-full e-flex wpr-particle-no wpr-jarallax-no wpr-parallax-no wpr-sticky-section-no e-con e-child\" data-id=\"f405691\" data-element_type=\"container\">\n\t\t\t\t<div class=\"elementor-element elementor-element-517350c elementor-widget elementor-widget-heading\" data-id=\"517350c\" data-element_type=\"widget\" data-widget_type=\"heading.default\">\n\t\t\t\t<div class=\"elementor-widget-container\">\n\t\t\t\t\t<h3 class=\"elementor-heading-title elementor-size-default\">L'empresa t\u00e9 dificultats de tresoreria i no sap com resoldre-les?<\/h3>\t\t\t\t<\/div>\n\t\t\t\t<\/div>\n\t\t\t\t<div class=\"elementor-element elementor-element-d89eab0 elementor-widget elementor-widget-text-editor\" data-id=\"d89eab0\" data-element_type=\"widget\" data-widget_type=\"text-editor.default\">\n\t\t\t\t<div class=\"elementor-widget-container\">\n\t\t\t\t\t\t\t\t\t<p>A <strong>BGO<\/strong> col\u00b7laborem en la reestructuraci\u00f3 i optimitzaci\u00f3 del deute i en la recerca de noves fonts de finan\u00e7ament.<\/p>\n<p>Analitzem la situaci\u00f3 financera de l&#8217;empresa, buscant les causes que l&#8217;han situat en dificultats, busquem les formes de corregir-les, gestionem un pla de viabilitat, col\u00b7laborem a implementar-les i ajudem a la reestructuraci\u00f3 del deute.<\/p>\n\t\t\t\t\t\t\t\t<\/div>\n\t\t\t\t<\/div>\n\t\t\t\t<\/div>\n\t\t<div class=\"elementor-element elementor-element-c68c721 e-con-full e-flex wpr-particle-no wpr-jarallax-no wpr-parallax-no wpr-sticky-section-no e-con e-child\" data-id=\"c68c721\" data-element_type=\"container\">\n\t\t\t\t<div class=\"elementor-element elementor-element-3435f6a elementor-widget elementor-widget-heading\" data-id=\"3435f6a\" data-element_type=\"widget\" data-widget_type=\"heading.default\">\n\t\t\t\t<div class=\"elementor-widget-container\">\n\t\t\t\t\t<h3 class=\"elementor-heading-title elementor-size-default\">Heu d'afrontar una inversi\u00f3 i no trobeu els mitjans adequats?<\/h3>\t\t\t\t<\/div>\n\t\t\t\t<\/div>\n\t\t\t\t<div class=\"elementor-element elementor-element-7ea0a77 elementor-widget elementor-widget-text-editor\" data-id=\"7ea0a77\" data-element_type=\"widget\" data-widget_type=\"text-editor.default\">\n\t\t\t\t<div class=\"elementor-widget-container\">\n\t\t\t\t\t\t\t\t\t<p>A <strong>BGO<\/strong> donem suport al creixement i internacionalitzaci\u00f3 de l&#8217;empresa. Ajudem a la recerca dels fons necessaris per al finan\u00e7ament, mitjan\u00e7ant la preparaci\u00f3 de dossiers de presentaci\u00f3 de l&#8217;empresa per acompanyar l&#8217;empresa davant les entitats financeres.<\/p>\n\t\t\t\t\t\t\t\t<\/div>\n\t\t\t\t<\/div>\n\t\t\t\t<\/div>\n\t\t\t\t\t<\/div>\n\t\t\t\t<\/div>\n\t\t\t\t<\/div>\n\t\t","protected":false},"excerpt":{"rendered":"<p>A BGO ens impliquem a l&#8217;empresa<\/p>\n","protected":false},"author":1,"featured_media":2151,"parent":0,"menu_order":0,"comment_status":"closed","ping_status":"closed","template":"","meta":{"_acf_changed":false,"footnotes":""},"class_list":["post-3083","page","type-page","status-publish","has-post-thumbnail","hentry"],"acf":[],"yoast_head":"<!-- This site is optimized with the Yoast SEO plugin v26.2 - https:\/\/yoast.com\/wordpress\/plugins\/seo\/ -->\n<title>Consultoria - BGO Legal<\/title>\n<meta name=\"robots\" content=\"index, follow, max-snippet:-1, max-image-preview:large, max-video-preview:-1\" \/>\n<link rel=\"canonical\" href=\"https:\/\/www.bgolegal.com\/ca\/consultoria\/\" \/>\n<meta property=\"og:locale\" content=\"ca_ES\" \/>\n<meta property=\"og:type\" content=\"article\" \/>\n<meta property=\"og:title\" content=\"Consultoria - BGO Legal\" \/>\n<meta property=\"og:description\" content=\"A BGO ens impliquem a l&#039;empresa\" \/>\n<meta property=\"og:url\" content=\"https:\/\/www.bgolegal.com\/ca\/consultoria\/\" \/>\n<meta property=\"og:site_name\" content=\"BGO Legal\" \/>\n<meta property=\"article:modified_time\" content=\"2025-10-09T06:51:23+00:00\" \/>\n<meta property=\"og:image\" content=\"https:\/\/www.bgolegal.com\/wp-content\/uploads\/2024\/01\/bgo-legal-servicios-consultoria-bg-01.jpg\" \/>\n\t<meta property=\"og:image:width\" content=\"1921\" \/>\n\t<meta property=\"og:image:height\" content=\"722\" \/>\n\t<meta property=\"og:image:type\" content=\"image\/jpeg\" \/>\n<meta name=\"twitter:card\" content=\"summary_large_image\" \/>\n<meta name=\"twitter:label1\" content=\"Temps estimat de lectura\" \/>\n\t<meta name=\"twitter:data1\" content=\"1 minut\" \/>\n<script type=\"application\/ld+json\" class=\"yoast-schema-graph\">{\"@context\":\"https:\/\/schema.org\",\"@graph\":[{\"@type\":\"WebPage\",\"@id\":\"https:\/\/www.bgolegal.com\/ca\/consultoria\/\",\"url\":\"https:\/\/www.bgolegal.com\/ca\/consultoria\/\",\"name\":\"Consultoria - BGO Legal\",\"isPartOf\":{\"@id\":\"https:\/\/www.bgolegal.com\/ca\/#website\"},\"primaryImageOfPage\":{\"@id\":\"https:\/\/www.bgolegal.com\/ca\/consultoria\/#primaryimage\"},\"image\":{\"@id\":\"https:\/\/www.bgolegal.com\/ca\/consultoria\/#primaryimage\"},\"thumbnailUrl\":\"https:\/\/www.bgolegal.com\/wp-content\/uploads\/2024\/01\/bgo-legal-servicios-consultoria-bg-01.jpg\",\"datePublished\":\"2020-10-02T13:17:26+00:00\",\"dateModified\":\"2025-10-09T06:51:23+00:00\",\"breadcrumb\":{\"@id\":\"https:\/\/www.bgolegal.com\/ca\/consultoria\/#breadcrumb\"},\"inLanguage\":\"ca\",\"potentialAction\":[{\"@type\":\"ReadAction\",\"target\":[\"https:\/\/www.bgolegal.com\/ca\/consultoria\/\"]}]},{\"@type\":\"ImageObject\",\"inLanguage\":\"ca\",\"@id\":\"https:\/\/www.bgolegal.com\/ca\/consultoria\/#primaryimage\",\"url\":\"https:\/\/www.bgolegal.com\/wp-content\/uploads\/2024\/01\/bgo-legal-servicios-consultoria-bg-01.jpg\",\"contentUrl\":\"https:\/\/www.bgolegal.com\/wp-content\/uploads\/2024\/01\/bgo-legal-servicios-consultoria-bg-01.jpg\",\"width\":1921,\"height\":722},{\"@type\":\"BreadcrumbList\",\"@id\":\"https:\/\/www.bgolegal.com\/ca\/consultoria\/#breadcrumb\",\"itemListElement\":[{\"@type\":\"ListItem\",\"position\":1,\"name\":\"Portada\",\"item\":\"https:\/\/www.bgolegal.com\/ca\/inici\/\"},{\"@type\":\"ListItem\",\"position\":2,\"name\":\"Consultoria\"}]},{\"@type\":\"WebSite\",\"@id\":\"https:\/\/www.bgolegal.com\/ca\/#website\",\"url\":\"https:\/\/www.bgolegal.com\/ca\/\",\"name\":\"BGO Legal\",\"description\":\"Consultor\u00eda y asesor\u00eda empresarial\",\"potentialAction\":[{\"@type\":\"SearchAction\",\"target\":{\"@type\":\"EntryPoint\",\"urlTemplate\":\"https:\/\/www.bgolegal.com\/ca\/?s={search_term_string}\"},\"query-input\":{\"@type\":\"PropertyValueSpecification\",\"valueRequired\":true,\"valueName\":\"search_term_string\"}}],\"inLanguage\":\"ca\"}]}<\/script>\n<!-- \/ Yoast SEO plugin. -->","yoast_head_json":{"title":"Consultoria - BGO Legal","robots":{"index":"index","follow":"follow","max-snippet":"max-snippet:-1","max-image-preview":"max-image-preview:large","max-video-preview":"max-video-preview:-1"},"canonical":"https:\/\/www.bgolegal.com\/ca\/consultoria\/","og_locale":"ca_ES","og_type":"article","og_title":"Consultoria - BGO Legal","og_description":"A BGO ens impliquem a l'empresa","og_url":"https:\/\/www.bgolegal.com\/ca\/consultoria\/","og_site_name":"BGO Legal","article_modified_time":"2025-10-09T06:51:23+00:00","og_image":[{"width":1921,"height":722,"url":"https:\/\/www.bgolegal.com\/wp-content\/uploads\/2024\/01\/bgo-legal-servicios-consultoria-bg-01.jpg","type":"image\/jpeg"}],"twitter_card":"summary_large_image","twitter_misc":{"Temps estimat de lectura":"1 minut"},"schema":{"@context":"https:\/\/schema.org","@graph":[{"@type":"WebPage","@id":"https:\/\/www.bgolegal.com\/ca\/consultoria\/","url":"https:\/\/www.bgolegal.com\/ca\/consultoria\/","name":"Consultoria - BGO Legal","isPartOf":{"@id":"https:\/\/www.bgolegal.com\/ca\/#website"},"primaryImageOfPage":{"@id":"https:\/\/www.bgolegal.com\/ca\/consultoria\/#primaryimage"},"image":{"@id":"https:\/\/www.bgolegal.com\/ca\/consultoria\/#primaryimage"},"thumbnailUrl":"https:\/\/www.bgolegal.com\/wp-content\/uploads\/2024\/01\/bgo-legal-servicios-consultoria-bg-01.jpg","datePublished":"2020-10-02T13:17:26+00:00","dateModified":"2025-10-09T06:51:23+00:00","breadcrumb":{"@id":"https:\/\/www.bgolegal.com\/ca\/consultoria\/#breadcrumb"},"inLanguage":"ca","potentialAction":[{"@type":"ReadAction","target":["https:\/\/www.bgolegal.com\/ca\/consultoria\/"]}]},{"@type":"ImageObject","inLanguage":"ca","@id":"https:\/\/www.bgolegal.com\/ca\/consultoria\/#primaryimage","url":"https:\/\/www.bgolegal.com\/wp-content\/uploads\/2024\/01\/bgo-legal-servicios-consultoria-bg-01.jpg","contentUrl":"https:\/\/www.bgolegal.com\/wp-content\/uploads\/2024\/01\/bgo-legal-servicios-consultoria-bg-01.jpg","width":1921,"height":722},{"@type":"BreadcrumbList","@id":"https:\/\/www.bgolegal.com\/ca\/consultoria\/#breadcrumb","itemListElement":[{"@type":"ListItem","position":1,"name":"Portada","item":"https:\/\/www.bgolegal.com\/ca\/inici\/"},{"@type":"ListItem","position":2,"name":"Consultoria"}]},{"@type":"WebSite","@id":"https:\/\/www.bgolegal.com\/ca\/#website","url":"https:\/\/www.bgolegal.com\/ca\/","name":"BGO Legal","description":"Consultor\u00eda y asesor\u00eda empresarial","potentialAction":[{"@type":"SearchAction","target":{"@type":"EntryPoint","urlTemplate":"https:\/\/www.bgolegal.com\/ca\/?s={search_term_string}"},"query-input":{"@type":"PropertyValueSpecification","valueRequired":true,"valueName":"search_term_string"}}],"inLanguage":"ca"}]}},"_links":{"self":[{"href":"https:\/\/www.bgolegal.com\/ca\/wp-json\/wp\/v2\/pages\/3083","targetHints":{"allow":["GET"]}}],"collection":[{"href":"https:\/\/www.bgolegal.com\/ca\/wp-json\/wp\/v2\/pages"}],"about":[{"href":"https:\/\/www.bgolegal.com\/ca\/wp-json\/wp\/v2\/types\/page"}],"author":[{"embeddable":true,"href":"https:\/\/www.bgolegal.com\/ca\/wp-json\/wp\/v2\/users\/1"}],"replies":[{"embeddable":true,"href":"https:\/\/www.bgolegal.com\/ca\/wp-json\/wp\/v2\/comments?post=3083"}],"version-history":[{"count":3,"href":"https:\/\/www.bgolegal.com\/ca\/wp-json\/wp\/v2\/pages\/3083\/revisions"}],"predecessor-version":[{"id":3168,"href":"https:\/\/www.bgolegal.com\/ca\/wp-json\/wp\/v2\/pages\/3083\/revisions\/3168"}],"wp:featuredmedia":[{"embeddable":true,"href":"https:\/\/www.bgolegal.com\/ca\/wp-json\/wp\/v2\/media\/2151"}],"wp:attachment":[{"href":"https:\/\/www.bgolegal.com\/ca\/wp-json\/wp\/v2\/media?parent=3083"}],"curies":[{"name":"wp","href":"https:\/\/api.w.org\/{rel}","templated":true}]}}