{"id":3065,"date":"2020-10-02T16:17:30","date_gmt":"2020-10-02T14:17:30","guid":{"rendered":"https:\/\/www.bgolegal.com\/auditoria\/"},"modified":"2025-10-09T08:51:10","modified_gmt":"2025-10-09T06:51:10","slug":"auditoria","status":"publish","type":"page","link":"https:\/\/www.bgolegal.com\/ca\/auditoria\/","title":{"rendered":"Auditoria"},"content":{"rendered":"\t\t<div data-elementor-type=\"wp-page\" data-elementor-id=\"3065\" class=\"elementor elementor-3065 elementor-221\" data-elementor-post-type=\"page\">\n\t\t\t\t<div class=\"elementor-element elementor-element-3c24aaf e-flex e-con-boxed wpr-particle-no wpr-jarallax-no wpr-parallax-no wpr-sticky-section-no e-con e-parent\" data-id=\"3c24aaf\" data-element_type=\"container\">\n\t\t\t\t\t<div class=\"e-con-inner\">\n\t\t<div class=\"elementor-element elementor-element-f14dda3 e-con-full e-flex wpr-particle-no wpr-jarallax-no wpr-parallax-no wpr-sticky-section-no e-con e-child\" data-id=\"f14dda3\" data-element_type=\"container\">\n\t\t\t\t<div class=\"elementor-element elementor-element-b2a0d6f elementor-widget elementor-widget-text-editor\" data-id=\"b2a0d6f\" data-element_type=\"widget\" data-widget_type=\"text-editor.default\">\n\t\t\t\t<div class=\"elementor-widget-container\">\n\t\t\t\t\t\t\t\t\t<p>A <strong>BGO<\/strong> col\u00b7laborem amb una empresa auditora de reconeguda solv\u00e8ncia nacional i internacional, per\u00f2 que ajusta els seus honoraris a les petites i mitjanes empreses.<\/p>\n<p>Per aix\u00f2, des de <strong>BGO<\/strong> us podem oferir els serveis d&#8217;auditoria, encara que l&#8217;empresa no tingui obligaci\u00f3 de realitzar-la, a uns costos molt ajustats i competents.<\/p>\n\t\t\t\t\t\t\t\t<\/div>\n\t\t\t\t<\/div>\n\t\t\t\t<\/div>\n\t\t<div class=\"elementor-element elementor-element-35b3bc4 e-con-full e-flex wpr-particle-no wpr-jarallax-no wpr-parallax-no wpr-sticky-section-no e-con e-child\" data-id=\"35b3bc4\" data-element_type=\"container\">\n\t\t<div class=\"elementor-element elementor-element-5ed4b64 e-con-full e-flex wpr-particle-no wpr-jarallax-no wpr-parallax-no wpr-sticky-section-no e-con e-child\" data-id=\"5ed4b64\" data-element_type=\"container\">\n\t\t\t\t<div class=\"elementor-element elementor-element-f430ffe elementor-widget elementor-widget-heading\" data-id=\"f430ffe\" data-element_type=\"widget\" data-widget_type=\"heading.default\">\n\t\t\t\t<div class=\"elementor-widget-container\">\n\t\t\t\t\t<h3 class=\"elementor-heading-title elementor-size-default\">Quan val la meva empresa? Per qu\u00e8 necessito saber qu\u00e8 val?<\/h3>\t\t\t\t<\/div>\n\t\t\t\t<\/div>\n\t\t\t\t<div class=\"elementor-element elementor-element-dc9170e elementor-widget elementor-widget-text-editor\" data-id=\"dc9170e\" data-element_type=\"widget\" data-widget_type=\"text-editor.default\">\n\t\t\t\t<div class=\"elementor-widget-container\">\n\t\t\t\t\t\t\t\t\t<p>L&#8217;empresa pot tenir l&#8217;obligaci\u00f3 de fer una auditoria dels seus comptes anuals per haver superat els llindars que la llei marca com a punt de partida per fer obligat\u00f2ria l&#8217;auditoria, per\u00f2 en altres situacions, encara que no sigui legalment obligatori, cal comptar amb una auditoria econ\u00f2mica de lempresa.<\/p>\n<p>Anem a entrar en un proc\u00e9s de fusi\u00f3, absorci\u00f3, venda? Volem ampliar el capital amb l&#8217;entrada de nous socis? Vull plantejar una reestructuraci\u00f3 del meu deute bancari? En qualsevol d&#8217;aquests moments, cal una auditoria econ\u00f2mica.<\/p>\n\t\t\t\t\t\t\t\t<\/div>\n\t\t\t\t<\/div>\n\t\t\t\t<\/div>\n\t\t<div class=\"elementor-element elementor-element-9f356d6 e-con-full e-flex wpr-particle-no wpr-jarallax-no wpr-parallax-no wpr-sticky-section-no e-con e-child\" data-id=\"9f356d6\" data-element_type=\"container\">\n\t\t\t\t<div class=\"elementor-element elementor-element-68a4565 elementor-widget elementor-widget-heading\" data-id=\"68a4565\" data-element_type=\"widget\" data-widget_type=\"heading.default\">\n\t\t\t\t<div class=\"elementor-widget-container\">\n\t\t\t\t\t<h3 class=\"elementor-heading-title elementor-size-default\">Est\u00e0 complint totes les obligacions legals, tribut\u00e0ries i laborals?<\/h3>\t\t\t\t<\/div>\n\t\t\t\t<\/div>\n\t\t\t\t<div class=\"elementor-element elementor-element-81372ce elementor-widget elementor-widget-text-editor\" data-id=\"81372ce\" data-element_type=\"widget\" data-widget_type=\"text-editor.default\">\n\t\t\t\t<div class=\"elementor-widget-container\">\n\t\t\t\t\t\t\t\t\t<p>A BGO\u00a0estem capacitats per resoldre aquestes q\u00fcestions ja que considerem que l&#8217;auditoria no \u00e9s \u00fanicament una obligaci\u00f3 establerta per la llei, tamb\u00e9 \u00e9s una eina que permet con\u00e8ixer la situaci\u00f3 real de l&#8217;empresa, tant a nivell econ\u00f2mic com en el compliment de les obligacions legals . Una revisi\u00f3 de com estem complint pot corregir els errors comesos i evitar futures sancions administratives.<\/p>\n<p>Per prendre les decisions m\u00e9s adequades per a la vostra empresa, cal comptar amb el major volum de dades possibles. Per aix\u00f2\u00a0BGO\u00a0t\u00e9 la capacitat de posar a disposici\u00f3 de l&#8217;empresa professionals especialitzats\u00a0 amb garantia de bon servei i costos ajustats. Analitzarem la seva situaci\u00f3 actual per quantificar els beneficis que pot obtenir d&#8217;una correcta planificaci\u00f3 fiscal i proposarem els passos a seguir per obtenir un benefici per a la vostra empresa, utilitzant tots els mitjans que la legislaci\u00f3 ens permeti.<\/p>\n\t\t\t\t\t\t\t\t<\/div>\n\t\t\t\t<\/div>\n\t\t\t\t<\/div>\n\t\t\t\t<\/div>\n\t\t\t\t\t<\/div>\n\t\t\t\t<\/div>\n\t\t\t\t<\/div>\n\t\t","protected":false},"excerpt":{"rendered":"<p>A BGO donem valor a la seva empresa<\/p>\n","protected":false},"author":1,"featured_media":0,"parent":0,"menu_order":0,"comment_status":"closed","ping_status":"closed","template":"","meta":{"_acf_changed":false,"footnotes":""},"class_list":["post-3065","page","type-page","status-publish","hentry"],"acf":[],"yoast_head":"<!-- This site is optimized with the Yoast SEO plugin v26.2 - https:\/\/yoast.com\/wordpress\/plugins\/seo\/ -->\n<title>Auditoria - BGO Legal<\/title>\n<meta name=\"robots\" content=\"index, follow, max-snippet:-1, max-image-preview:large, max-video-preview:-1\" \/>\n<link rel=\"canonical\" href=\"https:\/\/www.bgolegal.com\/ca\/auditoria\/\" \/>\n<meta property=\"og:locale\" content=\"ca_ES\" \/>\n<meta property=\"og:type\" content=\"article\" \/>\n<meta property=\"og:title\" content=\"Auditoria - BGO Legal\" \/>\n<meta property=\"og:description\" content=\"A BGO donem valor a la seva empresa\" \/>\n<meta property=\"og:url\" content=\"https:\/\/www.bgolegal.com\/ca\/auditoria\/\" \/>\n<meta property=\"og:site_name\" content=\"BGO Legal\" \/>\n<meta property=\"article:modified_time\" content=\"2025-10-09T06:51:10+00:00\" \/>\n<meta name=\"twitter:card\" content=\"summary_large_image\" \/>\n<meta name=\"twitter:label1\" content=\"Temps estimat de lectura\" \/>\n\t<meta name=\"twitter:data1\" content=\"2 minuts\" \/>\n<script type=\"application\/ld+json\" class=\"yoast-schema-graph\">{\"@context\":\"https:\/\/schema.org\",\"@graph\":[{\"@type\":\"WebPage\",\"@id\":\"https:\/\/www.bgolegal.com\/ca\/auditoria\/\",\"url\":\"https:\/\/www.bgolegal.com\/ca\/auditoria\/\",\"name\":\"Auditoria - BGO Legal\",\"isPartOf\":{\"@id\":\"https:\/\/www.bgolegal.com\/ca\/#website\"},\"datePublished\":\"2020-10-02T14:17:30+00:00\",\"dateModified\":\"2025-10-09T06:51:10+00:00\",\"breadcrumb\":{\"@id\":\"https:\/\/www.bgolegal.com\/ca\/auditoria\/#breadcrumb\"},\"inLanguage\":\"ca\",\"potentialAction\":[{\"@type\":\"ReadAction\",\"target\":[\"https:\/\/www.bgolegal.com\/ca\/auditoria\/\"]}]},{\"@type\":\"BreadcrumbList\",\"@id\":\"https:\/\/www.bgolegal.com\/ca\/auditoria\/#breadcrumb\",\"itemListElement\":[{\"@type\":\"ListItem\",\"position\":1,\"name\":\"Portada\",\"item\":\"https:\/\/www.bgolegal.com\/ca\/inici\/\"},{\"@type\":\"ListItem\",\"position\":2,\"name\":\"Auditoria\"}]},{\"@type\":\"WebSite\",\"@id\":\"https:\/\/www.bgolegal.com\/ca\/#website\",\"url\":\"https:\/\/www.bgolegal.com\/ca\/\",\"name\":\"BGO Legal\",\"description\":\"Consultor\u00eda y asesor\u00eda empresarial\",\"potentialAction\":[{\"@type\":\"SearchAction\",\"target\":{\"@type\":\"EntryPoint\",\"urlTemplate\":\"https:\/\/www.bgolegal.com\/ca\/?s={search_term_string}\"},\"query-input\":{\"@type\":\"PropertyValueSpecification\",\"valueRequired\":true,\"valueName\":\"search_term_string\"}}],\"inLanguage\":\"ca\"}]}<\/script>\n<!-- \/ Yoast SEO plugin. -->","yoast_head_json":{"title":"Auditoria - BGO Legal","robots":{"index":"index","follow":"follow","max-snippet":"max-snippet:-1","max-image-preview":"max-image-preview:large","max-video-preview":"max-video-preview:-1"},"canonical":"https:\/\/www.bgolegal.com\/ca\/auditoria\/","og_locale":"ca_ES","og_type":"article","og_title":"Auditoria - BGO Legal","og_description":"A BGO donem valor a la seva empresa","og_url":"https:\/\/www.bgolegal.com\/ca\/auditoria\/","og_site_name":"BGO Legal","article_modified_time":"2025-10-09T06:51:10+00:00","twitter_card":"summary_large_image","twitter_misc":{"Temps estimat de lectura":"2 minuts"},"schema":{"@context":"https:\/\/schema.org","@graph":[{"@type":"WebPage","@id":"https:\/\/www.bgolegal.com\/ca\/auditoria\/","url":"https:\/\/www.bgolegal.com\/ca\/auditoria\/","name":"Auditoria - BGO Legal","isPartOf":{"@id":"https:\/\/www.bgolegal.com\/ca\/#website"},"datePublished":"2020-10-02T14:17:30+00:00","dateModified":"2025-10-09T06:51:10+00:00","breadcrumb":{"@id":"https:\/\/www.bgolegal.com\/ca\/auditoria\/#breadcrumb"},"inLanguage":"ca","potentialAction":[{"@type":"ReadAction","target":["https:\/\/www.bgolegal.com\/ca\/auditoria\/"]}]},{"@type":"BreadcrumbList","@id":"https:\/\/www.bgolegal.com\/ca\/auditoria\/#breadcrumb","itemListElement":[{"@type":"ListItem","position":1,"name":"Portada","item":"https:\/\/www.bgolegal.com\/ca\/inici\/"},{"@type":"ListItem","position":2,"name":"Auditoria"}]},{"@type":"WebSite","@id":"https:\/\/www.bgolegal.com\/ca\/#website","url":"https:\/\/www.bgolegal.com\/ca\/","name":"BGO Legal","description":"Consultor\u00eda y asesor\u00eda empresarial","potentialAction":[{"@type":"SearchAction","target":{"@type":"EntryPoint","urlTemplate":"https:\/\/www.bgolegal.com\/ca\/?s={search_term_string}"},"query-input":{"@type":"PropertyValueSpecification","valueRequired":true,"valueName":"search_term_string"}}],"inLanguage":"ca"}]}},"_links":{"self":[{"href":"https:\/\/www.bgolegal.com\/ca\/wp-json\/wp\/v2\/pages\/3065","targetHints":{"allow":["GET"]}}],"collection":[{"href":"https:\/\/www.bgolegal.com\/ca\/wp-json\/wp\/v2\/pages"}],"about":[{"href":"https:\/\/www.bgolegal.com\/ca\/wp-json\/wp\/v2\/types\/page"}],"author":[{"embeddable":true,"href":"https:\/\/www.bgolegal.com\/ca\/wp-json\/wp\/v2\/users\/1"}],"replies":[{"embeddable":true,"href":"https:\/\/www.bgolegal.com\/ca\/wp-json\/wp\/v2\/comments?post=3065"}],"version-history":[{"count":11,"href":"https:\/\/www.bgolegal.com\/ca\/wp-json\/wp\/v2\/pages\/3065\/revisions"}],"predecessor-version":[{"id":3167,"href":"https:\/\/www.bgolegal.com\/ca\/wp-json\/wp\/v2\/pages\/3065\/revisions\/3167"}],"wp:attachment":[{"href":"https:\/\/www.bgolegal.com\/ca\/wp-json\/wp\/v2\/media?parent=3065"}],"curies":[{"name":"wp","href":"https:\/\/api.w.org\/{rel}","templated":true}]}}