{"id":2419,"date":"2020-09-30T08:39:15","date_gmt":"2020-09-30T06:39:15","guid":{"rendered":"https:\/\/www.bgolegal.com\/sobre-bgo\/"},"modified":"2024-02-04T16:20:27","modified_gmt":"2024-02-04T15:20:27","slug":"sobre-bgo","status":"publish","type":"page","link":"https:\/\/www.bgolegal.com\/ca\/sobre-bgo\/","title":{"rendered":"Sobre BGO"},"content":{"rendered":"\t\t<div data-elementor-type=\"wp-page\" data-elementor-id=\"2419\" class=\"elementor elementor-2419 elementor-110\" data-elementor-post-type=\"page\">\n\t\t\t\t<div class=\"elementor-element elementor-element-ae33c44 e-flex e-con-boxed wpr-particle-no wpr-jarallax-no wpr-parallax-no wpr-sticky-section-no e-con e-parent\" data-id=\"ae33c44\" data-element_type=\"container\">\n\t\t\t\t\t<div class=\"e-con-inner\">\n\t\t<div class=\"elementor-element elementor-element-6084058 e-con-full e-flex wpr-particle-no wpr-jarallax-no wpr-parallax-no wpr-sticky-section-no e-con e-child\" data-id=\"6084058\" data-element_type=\"container\">\n\t\t\t\t<div class=\"elementor-element elementor-element-c7f6dff elementor-widget elementor-widget-text-editor\" data-id=\"c7f6dff\" data-element_type=\"widget\" data-widget_type=\"text-editor.default\">\n\t\t\t\t<div class=\"elementor-widget-container\">\n\t\t\t\t\t\t\t\t\t<p>BGO neix de la col\u00b7laboraci\u00f3 entre professionals especialitzats en l&#8217;\u00e0mbit jur\u00eddic, auditoria i consultoria, combinant una \u00e0mplia experi\u00e8ncia al m\u00f3n empresarial amb el coneixement de les oportunitats que les noves tecnologies poden aportar a l&#8217;empresa.<\/p>\n\t\t\t\t\t\t\t\t<\/div>\n\t\t\t\t<\/div>\n\t\t\t\t<\/div>\n\t\t<div class=\"elementor-element elementor-element-1605331 e-con-full e-flex wpr-particle-no wpr-jarallax-no wpr-parallax-no wpr-sticky-section-no e-con e-child\" data-id=\"1605331\" data-element_type=\"container\">\n\t\t\t\t<div class=\"elementor-element elementor-element-c592ec6 elementor-widget elementor-widget-image\" data-id=\"c592ec6\" data-element_type=\"widget\" data-widget_type=\"image.default\">\n\t\t\t\t<div class=\"elementor-widget-container\">\n\t\t\t\t\t\t\t\t\t\t\t\t\t\t\t<img fetchpriority=\"high\" decoding=\"async\" width=\"800\" height=\"534\" src=\"https:\/\/www.bgolegal.com\/wp-content\/uploads\/2024\/02\/acerca-de-bgo-img-01-1024x684.jpg\" class=\"attachment-large size-large wp-image-3115\" alt=\"BGO Legal - Acerca de nosotros - Reuni\u00f3n con cliente\" srcset=\"https:\/\/www.bgolegal.com\/wp-content\/uploads\/2024\/02\/acerca-de-bgo-img-01-1024x684.jpg 1024w, https:\/\/www.bgolegal.com\/wp-content\/uploads\/2024\/02\/acerca-de-bgo-img-01-300x200.jpg 300w, https:\/\/www.bgolegal.com\/wp-content\/uploads\/2024\/02\/acerca-de-bgo-img-01-768x513.jpg 768w, https:\/\/www.bgolegal.com\/wp-content\/uploads\/2024\/02\/acerca-de-bgo-img-01.jpg 1200w\" sizes=\"(max-width: 800px) 100vw, 800px\" \/>\t\t\t\t\t\t\t\t\t\t\t\t\t\t\t<\/div>\n\t\t\t\t<\/div>\n\t\t\t\t<\/div>\n\t\t\t\t\t<\/div>\n\t\t\t\t<\/div>\n\t\t<div class=\"elementor-element elementor-element-61be1a5 e-flex e-con-boxed wpr-particle-no wpr-jarallax-no wpr-parallax-no wpr-sticky-section-no e-con e-parent\" data-id=\"61be1a5\" data-element_type=\"container\">\n\t\t\t\t\t<div class=\"e-con-inner\">\n\t\t<div class=\"elementor-element elementor-element-253bf7b e-con-full e-flex wpr-particle-no wpr-jarallax-no wpr-parallax-no wpr-sticky-section-no e-con e-child\" data-id=\"253bf7b\" data-element_type=\"container\" data-settings=\"{&quot;background_background&quot;:&quot;classic&quot;}\">\n\t\t\t\t<div class=\"elementor-element elementor-element-ba606e6 elementor-absolute elementor-widget elementor-widget-heading\" data-id=\"ba606e6\" data-element_type=\"widget\" data-settings=\"{&quot;_position&quot;:&quot;absolute&quot;}\" data-widget_type=\"heading.default\">\n\t\t\t\t<div class=\"elementor-widget-container\">\n\t\t\t\t\t<div class=\"elementor-heading-title elementor-size-default\">1<\/div>\t\t\t\t<\/div>\n\t\t\t\t<\/div>\n\t\t\t\t<div class=\"elementor-element elementor-element-2a9c5a2 elementor-widget elementor-widget-text-editor\" data-id=\"2a9c5a2\" data-element_type=\"widget\" data-widget_type=\"text-editor.default\">\n\t\t\t\t<div class=\"elementor-widget-container\">\n\t\t\t\t\t\t\t\t\t<p>A BGO volem ajudar a crear empreses. Volem acompanyar-les i ajudar-les a cr\u00e9ixer i superar els problemes del dia a dia.<\/p>\n\t\t\t\t\t\t\t\t<\/div>\n\t\t\t\t<\/div>\n\t\t\t\t<\/div>\n\t\t<div class=\"elementor-element elementor-element-3f1178e e-con-full e-flex wpr-particle-no wpr-jarallax-no wpr-parallax-no wpr-sticky-section-no e-con e-child\" data-id=\"3f1178e\" data-element_type=\"container\" data-settings=\"{&quot;background_background&quot;:&quot;classic&quot;}\">\n\t\t\t\t<div class=\"elementor-element elementor-element-fc02086 elementor-absolute elementor-widget elementor-widget-heading\" data-id=\"fc02086\" data-element_type=\"widget\" data-settings=\"{&quot;_position&quot;:&quot;absolute&quot;}\" data-widget_type=\"heading.default\">\n\t\t\t\t<div class=\"elementor-widget-container\">\n\t\t\t\t\t<div class=\"elementor-heading-title elementor-size-default\">2<\/div>\t\t\t\t<\/div>\n\t\t\t\t<\/div>\n\t\t\t\t<div class=\"elementor-element elementor-element-22f1880 elementor-widget elementor-widget-text-editor\" data-id=\"22f1880\" data-element_type=\"widget\" data-widget_type=\"text-editor.default\">\n\t\t\t\t<div class=\"elementor-widget-container\">\n\t\t\t\t\t\t\t\t\t<p>A BGO volem ajudar l&#8217;empresa a adaptar-se als nous mitjans de producci\u00f3, comunicaci\u00f3, finan\u00e7ament, etc.<\/p>\n\t\t\t\t\t\t\t\t<\/div>\n\t\t\t\t<\/div>\n\t\t\t\t<\/div>\n\t\t<div class=\"elementor-element elementor-element-80fe791 e-con-full e-flex wpr-particle-no wpr-jarallax-no wpr-parallax-no wpr-sticky-section-no e-con e-child\" data-id=\"80fe791\" data-element_type=\"container\" data-settings=\"{&quot;background_background&quot;:&quot;classic&quot;}\">\n\t\t\t\t<div class=\"elementor-element elementor-element-24a14d9 elementor-absolute elementor-widget elementor-widget-heading\" data-id=\"24a14d9\" data-element_type=\"widget\" data-settings=\"{&quot;_position&quot;:&quot;absolute&quot;}\" data-widget_type=\"heading.default\">\n\t\t\t\t<div class=\"elementor-widget-container\">\n\t\t\t\t\t<div class=\"elementor-heading-title elementor-size-default\">3<\/div>\t\t\t\t<\/div>\n\t\t\t\t<\/div>\n\t\t\t\t<div class=\"elementor-element elementor-element-4496b85 elementor-widget elementor-widget-text-editor\" data-id=\"4496b85\" data-element_type=\"widget\" data-widget_type=\"text-editor.default\">\n\t\t\t\t<div class=\"elementor-widget-container\">\n\t\t\t\t\t\t\t\t\t<p>BGO estar\u00e0 sempre al costat de l&#8217;empresa, en el creixement i en els moments de crisi. El cost del nostre servei mai no ser\u00e0 un problema per a la seva empresa.<\/p>\n\t\t\t\t\t\t\t\t<\/div>\n\t\t\t\t<\/div>\n\t\t\t\t<\/div>\n\t\t<div class=\"elementor-element elementor-element-5c6dd15 e-con-full e-flex wpr-particle-no wpr-jarallax-no wpr-parallax-no wpr-sticky-section-no e-con e-child\" data-id=\"5c6dd15\" data-element_type=\"container\" data-settings=\"{&quot;background_background&quot;:&quot;classic&quot;}\">\n\t\t\t\t<div class=\"elementor-element elementor-element-b5ed594 elementor-absolute elementor-widget elementor-widget-heading\" data-id=\"b5ed594\" data-element_type=\"widget\" data-settings=\"{&quot;_position&quot;:&quot;absolute&quot;}\" data-widget_type=\"heading.default\">\n\t\t\t\t<div class=\"elementor-widget-container\">\n\t\t\t\t\t<div class=\"elementor-heading-title elementor-size-default\">4<\/div>\t\t\t\t<\/div>\n\t\t\t\t<\/div>\n\t\t\t\t<div class=\"elementor-element elementor-element-a8dfd5c elementor-widget elementor-widget-text-editor\" data-id=\"a8dfd5c\" data-element_type=\"widget\" data-widget_type=\"text-editor.default\">\n\t\t\t\t<div class=\"elementor-widget-container\">\n\t\t\t\t\t\t\t\t\t<p>A BGO volem que l&#8217;empresari dediqui el seu temps a la seva empresa i que no perdi ni un minut a preocupar-se per aquells temes que podem ajudar-lo a resoldre.<\/p>\n\t\t\t\t\t\t\t\t<\/div>\n\t\t\t\t<\/div>\n\t\t\t\t<\/div>\n\t\t\t\t\t<\/div>\n\t\t\t\t<\/div>\n\t\t<div class=\"elementor-element elementor-element-56d1ce3 e-flex e-con-boxed wpr-particle-no wpr-jarallax-no wpr-parallax-no wpr-sticky-section-no e-con e-parent\" data-id=\"56d1ce3\" data-element_type=\"container\">\n\t\t\t\t\t<div class=\"e-con-inner\">\n\t\t\t\t<div class=\"elementor-element elementor-element-48274c0 elementor-headline--style-highlight elementor-widget elementor-widget-animated-headline\" data-id=\"48274c0\" data-element_type=\"widget\" data-settings=\"{&quot;marker&quot;:&quot;underline&quot;,&quot;highlighted_text&quot;:&quot;Empresa&quot;,&quot;headline_style&quot;:&quot;highlight&quot;,&quot;highlight_animation_duration&quot;:1200}\" data-widget_type=\"animated-headline.default\">\n\t\t\t\t<div class=\"elementor-widget-container\">\n\t\t\t\t\t\t\t<h3 class=\"elementor-headline\">\n\t\t\t\t\t<span class=\"elementor-headline-plain-text elementor-headline-text-wrapper\">BGO \u00e9s<\/span>\n\t\t\t\t<span class=\"elementor-headline-dynamic-wrapper elementor-headline-text-wrapper\">\n\t\t\t\t\t<span class=\"elementor-headline-dynamic-text elementor-headline-text-active\">Empresa<\/span>\n\t\t\t\t<\/span>\n\t\t\t\t<\/h3>\n\t\t\t\t\t\t<\/div>\n\t\t\t\t<\/div>\n\t\t\t\t\t<\/div>\n\t\t\t\t<\/div>\n\t\t<div class=\"elementor-element elementor-element-c0f2ea9 e-flex e-con-boxed wpr-particle-no wpr-jarallax-no wpr-parallax-no wpr-sticky-section-no e-con e-parent\" data-id=\"c0f2ea9\" data-element_type=\"container\">\n\t\t\t\t\t<div class=\"e-con-inner\">\n\t\t<div class=\"elementor-element elementor-element-9cf26eb e-flex e-con-boxed wpr-particle-no wpr-jarallax-no wpr-parallax-no wpr-sticky-section-no e-con e-child\" data-id=\"9cf26eb\" data-element_type=\"container\" data-settings=\"{&quot;background_background&quot;:&quot;classic&quot;}\">\n\t\t\t\t\t<div class=\"e-con-inner\">\n\t\t<div class=\"elementor-element elementor-element-3bf355f e-con-full e-flex wpr-particle-no wpr-jarallax-no wpr-parallax-no wpr-sticky-section-no e-con e-child\" data-id=\"3bf355f\" data-element_type=\"container\">\n\t\t\t\t<div class=\"elementor-element elementor-element-a2337f5 elementor-widget elementor-widget-image\" data-id=\"a2337f5\" data-element_type=\"widget\" data-widget_type=\"image.default\">\n\t\t\t\t<div class=\"elementor-widget-container\">\n\t\t\t\t\t\t\t\t\t\t\t\t\t\t\t<img decoding=\"async\" width=\"800\" height=\"800\" src=\"https:\/\/www.bgolegal.com\/wp-content\/uploads\/2024\/01\/bgo-legal-gonzalo-gonzalez-01.jpg\" class=\"attachment-large size-large wp-image-2746\" alt=\"Gonzalo Gonz\u00e1lez CEO de BGO Legal\" srcset=\"https:\/\/www.bgolegal.com\/wp-content\/uploads\/2024\/01\/bgo-legal-gonzalo-gonzalez-01.jpg 1000w, https:\/\/www.bgolegal.com\/wp-content\/uploads\/2024\/01\/bgo-legal-gonzalo-gonzalez-01-300x300.jpg 300w, https:\/\/www.bgolegal.com\/wp-content\/uploads\/2024\/01\/bgo-legal-gonzalo-gonzalez-01-150x150.jpg 150w, https:\/\/www.bgolegal.com\/wp-content\/uploads\/2024\/01\/bgo-legal-gonzalo-gonzalez-01-768x768.jpg 768w\" sizes=\"(max-width: 800px) 100vw, 800px\" \/>\t\t\t\t\t\t\t\t\t\t\t\t\t\t\t<\/div>\n\t\t\t\t<\/div>\n\t\t\t\t<\/div>\n\t\t<div class=\"elementor-element elementor-element-6f3d231 e-con-full e-flex wpr-particle-no wpr-jarallax-no wpr-parallax-no wpr-sticky-section-no e-con e-child\" data-id=\"6f3d231\" data-element_type=\"container\">\n\t\t\t\t<div class=\"elementor-element elementor-element-95a5b5f elementor-widget elementor-widget-heading\" data-id=\"95a5b5f\" data-element_type=\"widget\" data-widget_type=\"heading.default\">\n\t\t\t\t<div class=\"elementor-widget-container\">\n\t\t\t\t\t<div class=\"elementor-heading-title elementor-size-default\">Gonzalo Gonz\u00e1lez<\/div>\t\t\t\t<\/div>\n\t\t\t\t<\/div>\n\t\t\t\t<div class=\"elementor-element elementor-element-7b23a80 elementor-widget elementor-widget-heading\" data-id=\"7b23a80\" data-element_type=\"widget\" data-widget_type=\"heading.default\">\n\t\t\t\t<div class=\"elementor-widget-container\">\n\t\t\t\t\t<div class=\"elementor-heading-title elementor-size-default\">CEO &amp; Founder de\u00a0BGO<\/div>\t\t\t\t<\/div>\n\t\t\t\t<\/div>\n\t\t\t\t<div class=\"elementor-element elementor-element-fdc8a6b elementor-widget elementor-widget-text-editor\" data-id=\"fdc8a6b\" data-element_type=\"widget\" data-widget_type=\"text-editor.default\">\n\t\t\t\t<div class=\"elementor-widget-container\">\n\t\t\t\t\t\t\t\t\t<p>En els meus 30 anys exercint com a consultor d&#8217;empresa, he tingut l&#8217;oportunitat d&#8217;assessorar empreses de diferents sectors i mides, sempre buscant-ne el benefici. Gr\u00e0cies a aix\u00f2 hem aconseguit una gran confian\u00e7a i fidelitzaci\u00f3, comptant a la nostra cartera amb empreses a les quals assessorem des de fa m\u00e9s de 25 anys.<\/p>\n\t\t\t\t\t\t\t\t<\/div>\n\t\t\t\t<\/div>\n\t\t\t\t<\/div>\n\t\t<div class=\"elementor-element elementor-element-f4609be e-con-full e-flex wpr-particle-no wpr-jarallax-no wpr-parallax-no wpr-sticky-section-no e-con e-child\" data-id=\"f4609be\" data-element_type=\"container\">\n\t\t\t\t<div class=\"elementor-element elementor-element-12acaea elementor-widget elementor-widget-heading\" data-id=\"12acaea\" data-element_type=\"widget\" data-widget_type=\"heading.default\">\n\t\t\t\t<div class=\"elementor-widget-container\">\n\t\t\t\t\t<h3 class=\"elementor-heading-title elementor-size-default\">Formaci\u00f3 i experi\u00e8ncia<\/h3>\t\t\t\t<\/div>\n\t\t\t\t<\/div>\n\t\t\t\t<div class=\"elementor-element elementor-element-e9ec88e elementor-widget elementor-widget-text-editor\" data-id=\"e9ec88e\" data-element_type=\"widget\" data-widget_type=\"text-editor.default\">\n\t\t\t\t<div class=\"elementor-widget-container\">\n\t\t\t\t\t\t\t\t\t<ul>\n<li>Advocat Llicenciat en dret per la Universitat de Barcelona<\/li>\n<li>Diplomat en refinan\u00e7ament i reestructuraci\u00f3 empresarial<\/li>\n<li>Expert en dret mercantil i tributari<\/li>\n<li>Administrador concursal<\/li>\n<li>Mediador concursal<\/li>\n<\/ul>\n\t\t\t\t\t\t\t\t<\/div>\n\t\t\t\t<\/div>\n\t\t\t\t<\/div>\n\t\t<div class=\"elementor-element elementor-element-e1161f7 e-con-full e-flex wpr-particle-no wpr-jarallax-no wpr-parallax-no wpr-sticky-section-no e-con e-child\" data-id=\"e1161f7\" data-element_type=\"container\">\n\t\t\t\t<div class=\"elementor-element elementor-element-da6b2c7 elementor-widget elementor-widget-heading\" data-id=\"da6b2c7\" data-element_type=\"widget\" data-widget_type=\"heading.default\">\n\t\t\t\t<div class=\"elementor-widget-container\">\n\t\t\t\t\t<h3 class=\"elementor-heading-title elementor-size-default\">Contacte<\/h3>\t\t\t\t<\/div>\n\t\t\t\t<\/div>\n\t\t\t\t<div class=\"elementor-element elementor-element-eb2ed0e elementor-icon-list--layout-traditional elementor-list-item-link-full_width elementor-widget elementor-widget-icon-list\" data-id=\"eb2ed0e\" data-element_type=\"widget\" data-widget_type=\"icon-list.default\">\n\t\t\t\t<div class=\"elementor-widget-container\">\n\t\t\t\t\t\t\t<ul class=\"elementor-icon-list-items\">\n\t\t\t\t\t\t\t<li class=\"elementor-icon-list-item\">\n\t\t\t\t\t\t\t\t\t\t\t<a href=\"mailto:bgo@bgolegal.com\">\n\n\t\t\t\t\t\t\t\t\t\t\t\t<span class=\"elementor-icon-list-icon\">\n\t\t\t\t\t\t\t<i aria-hidden=\"true\" class=\"fas fa-envelope\"><\/i>\t\t\t\t\t\t<\/span>\n\t\t\t\t\t\t\t\t\t\t<span class=\"elementor-icon-list-text\">Email<\/span>\n\t\t\t\t\t\t\t\t\t\t\t<\/a>\n\t\t\t\t\t\t\t\t\t<\/li>\n\t\t\t\t\t\t\t\t<li class=\"elementor-icon-list-item\">\n\t\t\t\t\t\t\t\t\t\t\t<a href=\"https:\/\/www.linkedin.com\/in\/bgolegal\/\">\n\n\t\t\t\t\t\t\t\t\t\t\t\t<span class=\"elementor-icon-list-icon\">\n\t\t\t\t\t\t\t<i aria-hidden=\"true\" class=\"fab fa-linkedin\"><\/i>\t\t\t\t\t\t<\/span>\n\t\t\t\t\t\t\t\t\t\t<span class=\"elementor-icon-list-text\">Linkedin<\/span>\n\t\t\t\t\t\t\t\t\t\t\t<\/a>\n\t\t\t\t\t\t\t\t\t<\/li>\n\t\t\t\t\t\t<\/ul>\n\t\t\t\t\t\t<\/div>\n\t\t\t\t<\/div>\n\t\t\t\t<\/div>\n\t\t\t\t\t<\/div>\n\t\t\t\t<\/div>\n\t\t\t\t\t<\/div>\n\t\t\t\t<\/div>\n\t\t\t\t<\/div>\n\t\t","protected":false},"excerpt":{"rendered":"<p>Assessorament i suport a les empreses<\/p>\n","protected":false},"author":1,"featured_media":3113,"parent":0,"menu_order":0,"comment_status":"closed","ping_status":"closed","template":"","meta":{"_acf_changed":false,"footnotes":""},"class_list":["post-2419","page","type-page","status-publish","has-post-thumbnail","hentry"],"acf":[],"yoast_head":"<!-- This site is optimized with the Yoast SEO plugin v26.2 - https:\/\/yoast.com\/wordpress\/plugins\/seo\/ -->\n<title>Sobre BGO - BGO Legal<\/title>\n<meta name=\"robots\" content=\"index, follow, max-snippet:-1, max-image-preview:large, max-video-preview:-1\" \/>\n<link rel=\"canonical\" href=\"https:\/\/www.bgolegal.com\/ca\/sobre-bgo\/\" \/>\n<meta property=\"og:locale\" content=\"ca_ES\" \/>\n<meta property=\"og:type\" content=\"article\" \/>\n<meta property=\"og:title\" content=\"Sobre BGO - BGO Legal\" \/>\n<meta property=\"og:description\" content=\"Assessorament i suport a les empreses\" \/>\n<meta property=\"og:url\" content=\"https:\/\/www.bgolegal.com\/ca\/sobre-bgo\/\" \/>\n<meta property=\"og:site_name\" content=\"BGO Legal\" \/>\n<meta property=\"article:modified_time\" content=\"2024-02-04T15:20:27+00:00\" \/>\n<meta property=\"og:image\" content=\"https:\/\/www.bgolegal.com\/wp-content\/uploads\/2024\/02\/acerca-de-bgo-bg-01.jpg\" \/>\n\t<meta property=\"og:image:width\" content=\"1920\" \/>\n\t<meta property=\"og:image:height\" content=\"788\" \/>\n\t<meta property=\"og:image:type\" content=\"image\/jpeg\" \/>\n<meta name=\"twitter:card\" content=\"summary_large_image\" \/>\n<meta name=\"twitter:label1\" content=\"Temps estimat de lectura\" \/>\n\t<meta name=\"twitter:data1\" content=\"1 minut\" \/>\n<script type=\"application\/ld+json\" class=\"yoast-schema-graph\">{\"@context\":\"https:\/\/schema.org\",\"@graph\":[{\"@type\":\"WebPage\",\"@id\":\"https:\/\/www.bgolegal.com\/ca\/sobre-bgo\/\",\"url\":\"https:\/\/www.bgolegal.com\/ca\/sobre-bgo\/\",\"name\":\"Sobre BGO - BGO Legal\",\"isPartOf\":{\"@id\":\"https:\/\/www.bgolegal.com\/ca\/#website\"},\"primaryImageOfPage\":{\"@id\":\"https:\/\/www.bgolegal.com\/ca\/sobre-bgo\/#primaryimage\"},\"image\":{\"@id\":\"https:\/\/www.bgolegal.com\/ca\/sobre-bgo\/#primaryimage\"},\"thumbnailUrl\":\"https:\/\/www.bgolegal.com\/wp-content\/uploads\/2024\/02\/acerca-de-bgo-bg-01.jpg\",\"datePublished\":\"2020-09-30T06:39:15+00:00\",\"dateModified\":\"2024-02-04T15:20:27+00:00\",\"breadcrumb\":{\"@id\":\"https:\/\/www.bgolegal.com\/ca\/sobre-bgo\/#breadcrumb\"},\"inLanguage\":\"ca\",\"potentialAction\":[{\"@type\":\"ReadAction\",\"target\":[\"https:\/\/www.bgolegal.com\/ca\/sobre-bgo\/\"]}]},{\"@type\":\"ImageObject\",\"inLanguage\":\"ca\",\"@id\":\"https:\/\/www.bgolegal.com\/ca\/sobre-bgo\/#primaryimage\",\"url\":\"https:\/\/www.bgolegal.com\/wp-content\/uploads\/2024\/02\/acerca-de-bgo-bg-01.jpg\",\"contentUrl\":\"https:\/\/www.bgolegal.com\/wp-content\/uploads\/2024\/02\/acerca-de-bgo-bg-01.jpg\",\"width\":1920,\"height\":788},{\"@type\":\"BreadcrumbList\",\"@id\":\"https:\/\/www.bgolegal.com\/ca\/sobre-bgo\/#breadcrumb\",\"itemListElement\":[{\"@type\":\"ListItem\",\"position\":1,\"name\":\"Portada\",\"item\":\"https:\/\/www.bgolegal.com\/ca\/inici\/\"},{\"@type\":\"ListItem\",\"position\":2,\"name\":\"Sobre BGO\"}]},{\"@type\":\"WebSite\",\"@id\":\"https:\/\/www.bgolegal.com\/ca\/#website\",\"url\":\"https:\/\/www.bgolegal.com\/ca\/\",\"name\":\"BGO Legal\",\"description\":\"Consultor\u00eda y asesor\u00eda empresarial\",\"potentialAction\":[{\"@type\":\"SearchAction\",\"target\":{\"@type\":\"EntryPoint\",\"urlTemplate\":\"https:\/\/www.bgolegal.com\/ca\/?s={search_term_string}\"},\"query-input\":{\"@type\":\"PropertyValueSpecification\",\"valueRequired\":true,\"valueName\":\"search_term_string\"}}],\"inLanguage\":\"ca\"}]}<\/script>\n<!-- \/ Yoast SEO plugin. -->","yoast_head_json":{"title":"Sobre BGO - BGO Legal","robots":{"index":"index","follow":"follow","max-snippet":"max-snippet:-1","max-image-preview":"max-image-preview:large","max-video-preview":"max-video-preview:-1"},"canonical":"https:\/\/www.bgolegal.com\/ca\/sobre-bgo\/","og_locale":"ca_ES","og_type":"article","og_title":"Sobre BGO - BGO Legal","og_description":"Assessorament i suport a les empreses","og_url":"https:\/\/www.bgolegal.com\/ca\/sobre-bgo\/","og_site_name":"BGO Legal","article_modified_time":"2024-02-04T15:20:27+00:00","og_image":[{"width":1920,"height":788,"url":"https:\/\/www.bgolegal.com\/wp-content\/uploads\/2024\/02\/acerca-de-bgo-bg-01.jpg","type":"image\/jpeg"}],"twitter_card":"summary_large_image","twitter_misc":{"Temps estimat de lectura":"1 minut"},"schema":{"@context":"https:\/\/schema.org","@graph":[{"@type":"WebPage","@id":"https:\/\/www.bgolegal.com\/ca\/sobre-bgo\/","url":"https:\/\/www.bgolegal.com\/ca\/sobre-bgo\/","name":"Sobre BGO - BGO Legal","isPartOf":{"@id":"https:\/\/www.bgolegal.com\/ca\/#website"},"primaryImageOfPage":{"@id":"https:\/\/www.bgolegal.com\/ca\/sobre-bgo\/#primaryimage"},"image":{"@id":"https:\/\/www.bgolegal.com\/ca\/sobre-bgo\/#primaryimage"},"thumbnailUrl":"https:\/\/www.bgolegal.com\/wp-content\/uploads\/2024\/02\/acerca-de-bgo-bg-01.jpg","datePublished":"2020-09-30T06:39:15+00:00","dateModified":"2024-02-04T15:20:27+00:00","breadcrumb":{"@id":"https:\/\/www.bgolegal.com\/ca\/sobre-bgo\/#breadcrumb"},"inLanguage":"ca","potentialAction":[{"@type":"ReadAction","target":["https:\/\/www.bgolegal.com\/ca\/sobre-bgo\/"]}]},{"@type":"ImageObject","inLanguage":"ca","@id":"https:\/\/www.bgolegal.com\/ca\/sobre-bgo\/#primaryimage","url":"https:\/\/www.bgolegal.com\/wp-content\/uploads\/2024\/02\/acerca-de-bgo-bg-01.jpg","contentUrl":"https:\/\/www.bgolegal.com\/wp-content\/uploads\/2024\/02\/acerca-de-bgo-bg-01.jpg","width":1920,"height":788},{"@type":"BreadcrumbList","@id":"https:\/\/www.bgolegal.com\/ca\/sobre-bgo\/#breadcrumb","itemListElement":[{"@type":"ListItem","position":1,"name":"Portada","item":"https:\/\/www.bgolegal.com\/ca\/inici\/"},{"@type":"ListItem","position":2,"name":"Sobre BGO"}]},{"@type":"WebSite","@id":"https:\/\/www.bgolegal.com\/ca\/#website","url":"https:\/\/www.bgolegal.com\/ca\/","name":"BGO Legal","description":"Consultor\u00eda y asesor\u00eda empresarial","potentialAction":[{"@type":"SearchAction","target":{"@type":"EntryPoint","urlTemplate":"https:\/\/www.bgolegal.com\/ca\/?s={search_term_string}"},"query-input":{"@type":"PropertyValueSpecification","valueRequired":true,"valueName":"search_term_string"}}],"inLanguage":"ca"}]}},"_links":{"self":[{"href":"https:\/\/www.bgolegal.com\/ca\/wp-json\/wp\/v2\/pages\/2419","targetHints":{"allow":["GET"]}}],"collection":[{"href":"https:\/\/www.bgolegal.com\/ca\/wp-json\/wp\/v2\/pages"}],"about":[{"href":"https:\/\/www.bgolegal.com\/ca\/wp-json\/wp\/v2\/types\/page"}],"author":[{"embeddable":true,"href":"https:\/\/www.bgolegal.com\/ca\/wp-json\/wp\/v2\/users\/1"}],"replies":[{"embeddable":true,"href":"https:\/\/www.bgolegal.com\/ca\/wp-json\/wp\/v2\/comments?post=2419"}],"version-history":[{"count":4,"href":"https:\/\/www.bgolegal.com\/ca\/wp-json\/wp\/v2\/pages\/2419\/revisions"}],"predecessor-version":[{"id":3120,"href":"https:\/\/www.bgolegal.com\/ca\/wp-json\/wp\/v2\/pages\/2419\/revisions\/3120"}],"wp:featuredmedia":[{"embeddable":true,"href":"https:\/\/www.bgolegal.com\/ca\/wp-json\/wp\/v2\/media\/3113"}],"wp:attachment":[{"href":"https:\/\/www.bgolegal.com\/ca\/wp-json\/wp\/v2\/media?parent=2419"}],"curies":[{"name":"wp","href":"https:\/\/api.w.org\/{rel}","templated":true}]}}